{"id":5994,"date":"2022-07-27T08:53:31","date_gmt":"2022-07-26T20:53:31","guid":{"rendered":"https:\/\/www.sea-international.com\/es\/?page_id=5994"},"modified":"2023-10-02T14:45:09","modified_gmt":"2023-10-02T02:45:09","slug":"formonshore","status":"publish","type":"page","link":"https:\/\/www.sea-international.com\/es\/formonshore\/","title":{"rendered":"Formulario de contacto aplicantes dentro de Nueva Zelanda"},"content":{"rendered":"\t\t<div data-elementor-type=\"wp-page\" data-elementor-id=\"5994\" class=\"elementor elementor-5994\" data-elementor-settings=\"{&quot;ha_cmc_init_switcher&quot;:&quot;no&quot;}\" data-elementor-post-type=\"page\">\n\t\t\t\t\t\t<section class=\"elementor-section elementor-top-section elementor-element elementor-element-d6db431 elementor-section-boxed elementor-section-height-default elementor-section-height-default\" data-id=\"d6db431\" data-element_type=\"section\" data-settings=\"{&quot;background_background&quot;:&quot;classic&quot;,&quot;_ha_eqh_enable&quot;:false}\">\n\t\t\t\t\t\t\t<div class=\"elementor-background-overlay\"><\/div>\n\t\t\t\t\t\t\t<div class=\"elementor-container elementor-column-gap-default\">\n\t\t\t\t\t<div class=\"elementor-column elementor-col-50 elementor-top-column elementor-element elementor-element-330ebe6a\" data-id=\"330ebe6a\" data-element_type=\"column\" data-settings=\"{&quot;motion_fx_motion_fx_scrolling&quot;:&quot;yes&quot;,&quot;motion_fx_translateY_effect&quot;:&quot;yes&quot;,&quot;motion_fx_translateY_speed&quot;:{&quot;unit&quot;:&quot;px&quot;,&quot;size&quot;:2,&quot;sizes&quot;:[]},&quot;motion_fx_translateY_affectedRange&quot;:{&quot;unit&quot;:&quot;%&quot;,&quot;size&quot;:&quot;&quot;,&quot;sizes&quot;:{&quot;start&quot;:11,&quot;end&quot;:82}},&quot;motion_fx_devices&quot;:[&quot;desktop&quot;,&quot;tablet&quot;,&quot;mobile&quot;]}\">\n\t\t\t<div class=\"elementor-widget-wrap elementor-element-populated\">\n\t\t\t\t\t\t<div class=\"elementor-element elementor-element-794b6419 elementor-invisible elementor-widget elementor-widget-heading\" data-id=\"794b6419\" data-element_type=\"widget\" data-settings=\"{&quot;_animation&quot;:&quot;fadeIn&quot;}\" data-widget_type=\"heading.default\">\n\t\t\t\t<div class=\"elementor-widget-container\">\n\t\t\t\t\t<h2 class=\"elementor-heading-title elementor-size-default\">CONTACTO<\/h2>\t\t\t\t<\/div>\n\t\t\t\t<\/div>\n\t\t\t\t<div class=\"elementor-element elementor-element-169ce32d elementor-widget-divider--view-line elementor-invisible elementor-widget elementor-widget-divider\" data-id=\"169ce32d\" data-element_type=\"widget\" data-settings=\"{&quot;_animation&quot;:&quot;fadeIn&quot;,&quot;_animation_delay&quot;:100}\" data-widget_type=\"divider.default\">\n\t\t\t\t<div class=\"elementor-widget-container\">\n\t\t\t\t\t\t\t<div class=\"elementor-divider\">\n\t\t\t<span class=\"elementor-divider-separator\">\n\t\t\t\t\t\t<\/span>\n\t\t<\/div>\n\t\t\t\t\t\t<\/div>\n\t\t\t\t<\/div>\n\t\t\t\t<div class=\"elementor-element elementor-element-5cbadf92 animated-fast elementor-invisible elementor-widget elementor-widget-heading\" data-id=\"5cbadf92\" data-element_type=\"widget\" data-settings=\"{&quot;_animation&quot;:&quot;fadeInUp&quot;}\" data-widget_type=\"heading.default\">\n\t\t\t\t<div class=\"elementor-widget-container\">\n\t\t\t\t\t<h1 class=\"elementor-heading-title elementor-size-default\">Formulario aplicantes en Nueva Zelanda<\/h1>\t\t\t\t<\/div>\n\t\t\t\t<\/div>\n\t\t\t\t\t<\/div>\n\t\t<\/div>\n\t\t\t\t<div class=\"elementor-column elementor-col-50 elementor-top-column elementor-element elementor-element-72ea39f\" data-id=\"72ea39f\" data-element_type=\"column\" data-settings=\"{&quot;motion_fx_motion_fx_scrolling&quot;:&quot;yes&quot;,&quot;motion_fx_translateY_effect&quot;:&quot;yes&quot;,&quot;motion_fx_translateY_speed&quot;:{&quot;unit&quot;:&quot;px&quot;,&quot;size&quot;:2,&quot;sizes&quot;:[]},&quot;motion_fx_translateY_affectedRange&quot;:{&quot;unit&quot;:&quot;%&quot;,&quot;size&quot;:&quot;&quot;,&quot;sizes&quot;:{&quot;start&quot;:11,&quot;end&quot;:82}},&quot;motion_fx_devices&quot;:[&quot;desktop&quot;,&quot;tablet&quot;,&quot;mobile&quot;]}\">\n\t\t\t<div class=\"elementor-widget-wrap\">\n\t\t\t\t\t\t\t<\/div>\n\t\t<\/div>\n\t\t\t\t\t<\/div>\n\t\t<\/section>\n\t\t\t\t<section class=\"elementor-section elementor-top-section elementor-element elementor-element-d6a5b4e elementor-section-boxed elementor-section-height-default elementor-section-height-default\" data-id=\"d6a5b4e\" data-element_type=\"section\" data-settings=\"{&quot;_ha_eqh_enable&quot;:false}\">\n\t\t\t\t\t\t<div class=\"elementor-container elementor-column-gap-default\">\n\t\t\t\t\t<div class=\"elementor-column elementor-col-100 elementor-top-column elementor-element elementor-element-48ed9d3\" data-id=\"48ed9d3\" data-element_type=\"column\">\n\t\t\t<div class=\"elementor-widget-wrap elementor-element-populated\">\n\t\t\t\t\t\t<div class=\"elementor-element elementor-element-7eafd1a elementor-widget elementor-widget-spacer\" data-id=\"7eafd1a\" data-element_type=\"widget\" data-widget_type=\"spacer.default\">\n\t\t\t\t<div class=\"elementor-widget-container\">\n\t\t\t\t\t\t\t<div class=\"elementor-spacer\">\n\t\t\t<div class=\"elementor-spacer-inner\"><\/div>\n\t\t<\/div>\n\t\t\t\t\t\t<\/div>\n\t\t\t\t<\/div>\n\t\t\t\t<div class=\"elementor-element elementor-element-70a0b02 elementor-widget elementor-widget-text-editor\" data-id=\"70a0b02\" data-element_type=\"widget\" data-widget_type=\"text-editor.default\">\n\t\t\t\t<div class=\"elementor-widget-container\">\n\t\t\t\t\t\t\t\t\t<p><b>Genial! Est\u00e1s un paso m\u00e1s cerca de tu sue\u00f1o.<\/b><\/p><p><span style=\"caret-color: #000000; color: #000000; font-size: medium;\">Nuestra intenci\u00f3n es que tengas la mejor experiencia desde el primer momento en que entras en contacto con nosotros, pero contamos contigo para que as\u00ed sea y tus respuestas son la base para hacerlo realidad.\u00a0<\/span><\/p>\t\t\t\t\t\t\t\t<\/div>\n\t\t\t\t<\/div>\n\t\t\t\t<div class=\"elementor-element elementor-element-c1619d7 ha-has-bg-overlay elementor-widget elementor-widget-text-editor\" data-id=\"c1619d7\" data-element_type=\"widget\" data-widget_type=\"text-editor.default\">\n\t\t\t\t<div class=\"elementor-widget-container\">\n\t\t\t\t\t\t\t\t\t<p style=\"text-align: center;\">Formulario solo para personas que <b>se encuentran en Nueva Zelanda. <\/b>Si estas por fuera de Nueva Zelanda te invitamos a completar el siguiente formulario haciendo <a href=\"https:\/\/www.sea-international.com\/es\/contactoanterior\/form-general-offshore\/\">CLICK AQU\u00cd<\/a>.\u00a0<\/p>\t\t\t\t\t\t\t\t<\/div>\n\t\t\t\t<\/div>\n\t\t\t\t<div class=\"elementor-element elementor-element-04c4bc6 elementor-widget elementor-widget-spacer\" data-id=\"04c4bc6\" data-element_type=\"widget\" data-widget_type=\"spacer.default\">\n\t\t\t\t<div class=\"elementor-widget-container\">\n\t\t\t\t\t\t\t<div class=\"elementor-spacer\">\n\t\t\t<div class=\"elementor-spacer-inner\"><\/div>\n\t\t<\/div>\n\t\t\t\t\t\t<\/div>\n\t\t\t\t<\/div>\n\t\t\t\t<div class=\"elementor-element elementor-element-e10d7a0 elementor-widget elementor-widget-html\" data-id=\"e10d7a0\" data-element_type=\"widget\" data-widget_type=\"html.default\">\n\t\t\t\t<div class=\"elementor-widget-container\">\n\t\t\t\t\t<script charset=\"utf-8\" type=\"text\/javascript\" src=\"\/\/js.hsforms.net\/forms\/v2.js\"><\/script>\n<script>\n  hbspt.forms.create({\n    region: \"na1\",\n    portalId: \"5537554\",\n    formId: \"183853ab-171b-48e8-8181-c6569c7f6a49\"\n  });\n<\/script>\t\t\t\t<\/div>\n\t\t\t\t<\/div>\n\t\t\t\t<div class=\"elementor-element elementor-element-da4d6ce elementor-widget elementor-widget-spacer\" data-id=\"da4d6ce\" data-element_type=\"widget\" data-widget_type=\"spacer.default\">\n\t\t\t\t<div class=\"elementor-widget-container\">\n\t\t\t\t\t\t\t<div class=\"elementor-spacer\">\n\t\t\t<div class=\"elementor-spacer-inner\"><\/div>\n\t\t<\/div>\n\t\t\t\t\t\t<\/div>\n\t\t\t\t<\/div>\n\t\t\t\t\t<\/div>\n\t\t<\/div>\n\t\t\t\t\t<\/div>\n\t\t<\/section>\n\t\t\t\t<\/div>\n\t\t","protected":false},"excerpt":{"rendered":"<p>CONTACTO Formulario aplicantes en Nueva Zelanda Genial! Est\u00e1s un paso m\u00e1s cerca de tu sue\u00f1o. Nuestra intenci\u00f3n es que tengas la mejor experiencia desde el primer momento en que entras en contacto con nosotros, pero contamos contigo para que as\u00ed sea y tus respuestas son la base para hacerlo realidad.\u00a0 Formulario solo para personas que [&hellip;]<\/p>\n","protected":false},"author":3,"featured_media":0,"parent":0,"menu_order":0,"comment_status":"closed","ping_status":"closed","template":"","meta":{"_acf_changed":false,"footnotes":""},"class_list":["post-5994","page","type-page","status-publish","hentry"],"acf":[],"yoast_head":"<!-- This site is optimized with the Yoast SEO Premium plugin v20.5 (Yoast SEO v26.4) - https:\/\/yoast.com\/wordpress\/plugins\/seo\/ -->\n<title>Formulario de contacto aplicantes dentro de Nueva Zelanda - SEA INTERNATIONAL<\/title>\n<meta name=\"robots\" content=\"index, follow, max-snippet:-1, max-image-preview:large, max-video-preview:-1\" \/>\n<link rel=\"canonical\" href=\"https:\/\/www.sea-international.com\/es\/formonshore\/\" \/>\n<meta property=\"og:locale\" content=\"es_ES\" \/>\n<meta property=\"og:type\" content=\"article\" \/>\n<meta property=\"og:title\" content=\"Formulario de contacto aplicantes dentro de Nueva Zelanda\" \/>\n<meta property=\"og:description\" content=\"CONTACTO Formulario aplicantes en Nueva Zelanda Genial! Est\u00e1s un paso m\u00e1s cerca de tu sue\u00f1o. Nuestra intenci\u00f3n es que tengas la mejor experiencia desde el primer momento en que entras en contacto con nosotros, pero contamos contigo para que as\u00ed sea y tus respuestas son la base para hacerlo realidad.\u00a0 Formulario solo para personas que [&hellip;]\" \/>\n<meta property=\"og:url\" content=\"https:\/\/www.sea-international.com\/es\/formonshore\/\" \/>\n<meta property=\"og:site_name\" content=\"SEA INTERNATIONAL\" \/>\n<meta property=\"article:publisher\" content=\"https:\/\/www.facebook.com\/seainternational\/\" \/>\n<meta property=\"article:modified_time\" content=\"2023-10-02T02:45:09+00:00\" \/>\n<meta property=\"og:image\" content=\"https:\/\/www.sea-international.com\/es\/wp-content\/uploads\/sites\/6\/2020\/10\/SEO_SEA-05.jpg\" \/>\n\t<meta property=\"og:image:width\" content=\"800\" \/>\n\t<meta property=\"og:image:height\" content=\"600\" \/>\n\t<meta property=\"og:image:type\" content=\"image\/jpeg\" \/>\n<meta name=\"twitter:card\" content=\"summary_large_image\" \/>\n<meta name=\"twitter:site\" content=\"@SEAINTLATAM\" \/>\n<meta name=\"twitter:label1\" content=\"Tiempo de lectura\" \/>\n\t<meta name=\"twitter:data1\" content=\"1 minuto\" \/>\n<script type=\"application\/ld+json\" class=\"yoast-schema-graph\">{\"@context\":\"https:\/\/schema.org\",\"@graph\":[{\"@type\":\"WebPage\",\"@id\":\"https:\/\/www.sea-international.com\/es\/formonshore\/\",\"url\":\"https:\/\/www.sea-international.com\/es\/formonshore\/\",\"name\":\"Formulario de contacto aplicantes dentro de Nueva Zelanda - SEA INTERNATIONAL\",\"isPartOf\":{\"@id\":\"https:\/\/www.sea-international.com\/es\/#website\"},\"datePublished\":\"2022-07-26T20:53:31+00:00\",\"dateModified\":\"2023-10-02T02:45:09+00:00\",\"breadcrumb\":{\"@id\":\"https:\/\/www.sea-international.com\/es\/formonshore\/#breadcrumb\"},\"inLanguage\":\"es\",\"potentialAction\":[{\"@type\":\"ReadAction\",\"target\":[\"https:\/\/www.sea-international.com\/es\/formonshore\/\"]}]},{\"@type\":\"BreadcrumbList\",\"@id\":\"https:\/\/www.sea-international.com\/es\/formonshore\/#breadcrumb\",\"itemListElement\":[{\"@type\":\"ListItem\",\"position\":1,\"name\":\"Home\",\"item\":\"https:\/\/www.sea-international.com\/es\/\"},{\"@type\":\"ListItem\",\"position\":2,\"name\":\"Formulario de contacto aplicantes dentro de Nueva Zelanda\"}]},{\"@type\":\"WebSite\",\"@id\":\"https:\/\/www.sea-international.com\/es\/#website\",\"url\":\"https:\/\/www.sea-international.com\/es\/\",\"name\":\"SEA INTERNATIONAL\",\"description\":\"Immigration and education services\",\"publisher\":{\"@id\":\"https:\/\/www.sea-international.com\/es\/#organization\"},\"potentialAction\":[{\"@type\":\"SearchAction\",\"target\":{\"@type\":\"EntryPoint\",\"urlTemplate\":\"https:\/\/www.sea-international.com\/es\/?s={search_term_string}\"},\"query-input\":{\"@type\":\"PropertyValueSpecification\",\"valueRequired\":true,\"valueName\":\"search_term_string\"}}],\"inLanguage\":\"es\"},{\"@type\":\"Organization\",\"@id\":\"https:\/\/www.sea-international.com\/es\/#organization\",\"name\":\"SEA International\",\"url\":\"https:\/\/www.sea-international.com\/es\/\",\"logo\":{\"@type\":\"ImageObject\",\"inLanguage\":\"es\",\"@id\":\"https:\/\/www.sea-international.com\/es\/#\/schema\/logo\/image\/\",\"url\":\"https:\/\/www.sea-international.com\/es\/wp-content\/uploads\/sites\/6\/2020\/11\/cropped-sea-international-logo.png\",\"contentUrl\":\"https:\/\/www.sea-international.com\/es\/wp-content\/uploads\/sites\/6\/2020\/11\/cropped-sea-international-logo.png\",\"width\":487,\"height\":126,\"caption\":\"SEA International\"},\"image\":{\"@id\":\"https:\/\/www.sea-international.com\/es\/#\/schema\/logo\/image\/\"},\"sameAs\":[\"https:\/\/www.facebook.com\/seainternational\/\",\"https:\/\/x.com\/SEAINTLATAM\",\"https:\/\/twitter.com\/SEAINTLATAM\",\"https:\/\/www.linkedin.com\/company\/seainternational\/\",\"https:\/\/www.youtube.com\/user\/seaconz\"]}]}<\/script>\n<!-- \/ Yoast SEO Premium plugin. -->","yoast_head_json":{"title":"Formulario de contacto aplicantes dentro de Nueva Zelanda - SEA INTERNATIONAL","robots":{"index":"index","follow":"follow","max-snippet":"max-snippet:-1","max-image-preview":"max-image-preview:large","max-video-preview":"max-video-preview:-1"},"canonical":"https:\/\/www.sea-international.com\/es\/formonshore\/","og_locale":"es_ES","og_type":"article","og_title":"Formulario de contacto aplicantes dentro de Nueva Zelanda","og_description":"CONTACTO Formulario aplicantes en Nueva Zelanda Genial! Est\u00e1s un paso m\u00e1s cerca de tu sue\u00f1o. Nuestra intenci\u00f3n es que tengas la mejor experiencia desde el primer momento en que entras en contacto con nosotros, pero contamos contigo para que as\u00ed sea y tus respuestas son la base para hacerlo realidad.\u00a0 Formulario solo para personas que [&hellip;]","og_url":"https:\/\/www.sea-international.com\/es\/formonshore\/","og_site_name":"SEA INTERNATIONAL","article_publisher":"https:\/\/www.facebook.com\/seainternational\/","article_modified_time":"2023-10-02T02:45:09+00:00","og_image":[{"width":800,"height":600,"url":"https:\/\/www.sea-international.com\/es\/wp-content\/uploads\/sites\/6\/2020\/10\/SEO_SEA-05.jpg","type":"image\/jpeg"}],"twitter_card":"summary_large_image","twitter_site":"@SEAINTLATAM","twitter_misc":{"Tiempo de lectura":"1 minuto"},"schema":{"@context":"https:\/\/schema.org","@graph":[{"@type":"WebPage","@id":"https:\/\/www.sea-international.com\/es\/formonshore\/","url":"https:\/\/www.sea-international.com\/es\/formonshore\/","name":"Formulario de contacto aplicantes dentro de Nueva Zelanda - SEA INTERNATIONAL","isPartOf":{"@id":"https:\/\/www.sea-international.com\/es\/#website"},"datePublished":"2022-07-26T20:53:31+00:00","dateModified":"2023-10-02T02:45:09+00:00","breadcrumb":{"@id":"https:\/\/www.sea-international.com\/es\/formonshore\/#breadcrumb"},"inLanguage":"es","potentialAction":[{"@type":"ReadAction","target":["https:\/\/www.sea-international.com\/es\/formonshore\/"]}]},{"@type":"BreadcrumbList","@id":"https:\/\/www.sea-international.com\/es\/formonshore\/#breadcrumb","itemListElement":[{"@type":"ListItem","position":1,"name":"Home","item":"https:\/\/www.sea-international.com\/es\/"},{"@type":"ListItem","position":2,"name":"Formulario de contacto aplicantes dentro de Nueva Zelanda"}]},{"@type":"WebSite","@id":"https:\/\/www.sea-international.com\/es\/#website","url":"https:\/\/www.sea-international.com\/es\/","name":"SEA INTERNATIONAL","description":"Immigration and education services","publisher":{"@id":"https:\/\/www.sea-international.com\/es\/#organization"},"potentialAction":[{"@type":"SearchAction","target":{"@type":"EntryPoint","urlTemplate":"https:\/\/www.sea-international.com\/es\/?s={search_term_string}"},"query-input":{"@type":"PropertyValueSpecification","valueRequired":true,"valueName":"search_term_string"}}],"inLanguage":"es"},{"@type":"Organization","@id":"https:\/\/www.sea-international.com\/es\/#organization","name":"SEA International","url":"https:\/\/www.sea-international.com\/es\/","logo":{"@type":"ImageObject","inLanguage":"es","@id":"https:\/\/www.sea-international.com\/es\/#\/schema\/logo\/image\/","url":"https:\/\/www.sea-international.com\/es\/wp-content\/uploads\/sites\/6\/2020\/11\/cropped-sea-international-logo.png","contentUrl":"https:\/\/www.sea-international.com\/es\/wp-content\/uploads\/sites\/6\/2020\/11\/cropped-sea-international-logo.png","width":487,"height":126,"caption":"SEA International"},"image":{"@id":"https:\/\/www.sea-international.com\/es\/#\/schema\/logo\/image\/"},"sameAs":["https:\/\/www.facebook.com\/seainternational\/","https:\/\/x.com\/SEAINTLATAM","https:\/\/twitter.com\/SEAINTLATAM","https:\/\/www.linkedin.com\/company\/seainternational\/","https:\/\/www.youtube.com\/user\/seaconz"]}]}},"_links":{"self":[{"href":"https:\/\/www.sea-international.com\/es\/wp-json\/wp\/v2\/pages\/5994","targetHints":{"allow":["GET"]}}],"collection":[{"href":"https:\/\/www.sea-international.com\/es\/wp-json\/wp\/v2\/pages"}],"about":[{"href":"https:\/\/www.sea-international.com\/es\/wp-json\/wp\/v2\/types\/page"}],"author":[{"embeddable":true,"href":"https:\/\/www.sea-international.com\/es\/wp-json\/wp\/v2\/users\/3"}],"replies":[{"embeddable":true,"href":"https:\/\/www.sea-international.com\/es\/wp-json\/wp\/v2\/comments?post=5994"}],"version-history":[{"count":5,"href":"https:\/\/www.sea-international.com\/es\/wp-json\/wp\/v2\/pages\/5994\/revisions"}],"predecessor-version":[{"id":7261,"href":"https:\/\/www.sea-international.com\/es\/wp-json\/wp\/v2\/pages\/5994\/revisions\/7261"}],"wp:attachment":[{"href":"https:\/\/www.sea-international.com\/es\/wp-json\/wp\/v2\/media?parent=5994"}],"curies":[{"name":"wp","href":"https:\/\/api.w.org\/{rel}","templated":true}]}}