{"id":6419,"date":"2022-08-26T13:49:47","date_gmt":"2022-08-26T01:49:47","guid":{"rendered":"https:\/\/www.sea-international.com\/es\/?page_id=6419"},"modified":"2022-08-26T13:51:11","modified_gmt":"2022-08-26T01:51:11","slug":"referidos","status":"publish","type":"page","link":"https:\/\/www.sea-international.com\/es\/referidos\/","title":{"rendered":"Plan de Referidos"},"content":{"rendered":"\t\t<div data-elementor-type=\"wp-page\" data-elementor-id=\"6419\" class=\"elementor elementor-6419\" data-elementor-settings=\"{&quot;ha_cmc_init_switcher&quot;:&quot;no&quot;}\" data-elementor-post-type=\"page\">\n\t\t\t\t\t\t<section class=\"elementor-section elementor-top-section elementor-element elementor-element-44890fc elementor-section-boxed elementor-section-height-default elementor-section-height-default\" data-id=\"44890fc\" data-element_type=\"section\" data-settings=\"{&quot;background_background&quot;:&quot;classic&quot;,&quot;_ha_eqh_enable&quot;:false}\">\n\t\t\t\t\t\t\t<div class=\"elementor-background-overlay\"><\/div>\n\t\t\t\t\t\t\t<div class=\"elementor-container elementor-column-gap-default\">\n\t\t\t\t\t<div class=\"elementor-column elementor-col-100 elementor-top-column elementor-element elementor-element-7ce7186\" data-id=\"7ce7186\" data-element_type=\"column\" data-settings=\"{&quot;motion_fx_motion_fx_scrolling&quot;:&quot;yes&quot;,&quot;motion_fx_translateY_effect&quot;:&quot;yes&quot;,&quot;motion_fx_translateY_speed&quot;:{&quot;unit&quot;:&quot;px&quot;,&quot;size&quot;:2,&quot;sizes&quot;:[]},&quot;motion_fx_translateY_affectedRange&quot;:{&quot;unit&quot;:&quot;%&quot;,&quot;size&quot;:&quot;&quot;,&quot;sizes&quot;:{&quot;start&quot;:11,&quot;end&quot;:82}},&quot;motion_fx_devices&quot;:[&quot;desktop&quot;,&quot;tablet&quot;,&quot;mobile&quot;]}\">\n\t\t\t<div class=\"elementor-widget-wrap elementor-element-populated\">\n\t\t\t\t\t\t<div class=\"elementor-element elementor-element-15b1f25 elementor-invisible elementor-widget elementor-widget-heading\" data-id=\"15b1f25\" data-element_type=\"widget\" data-settings=\"{&quot;_animation&quot;:&quot;fadeIn&quot;}\" data-widget_type=\"heading.default\">\n\t\t\t\t<div class=\"elementor-widget-container\">\n\t\t\t\t\t<h1 class=\"elementor-heading-title elementor-size-default\">PROGRAMA DE REFERIDOS<\/h1>\t\t\t\t<\/div>\n\t\t\t\t<\/div>\n\t\t\t\t<div class=\"elementor-element elementor-element-5a65519 elementor-widget-divider--view-line elementor-invisible elementor-widget elementor-widget-divider\" data-id=\"5a65519\" data-element_type=\"widget\" data-settings=\"{&quot;_animation&quot;:&quot;fadeIn&quot;,&quot;_animation_delay&quot;:100}\" data-widget_type=\"divider.default\">\n\t\t\t\t<div class=\"elementor-widget-container\">\n\t\t\t\t\t\t\t<div class=\"elementor-divider\">\n\t\t\t<span class=\"elementor-divider-separator\">\n\t\t\t\t\t\t<\/span>\n\t\t<\/div>\n\t\t\t\t\t\t<\/div>\n\t\t\t\t<\/div>\n\t\t\t\t<div class=\"elementor-element elementor-element-7b2d6ce animated-fast elementor-invisible elementor-widget elementor-widget-heading\" data-id=\"7b2d6ce\" data-element_type=\"widget\" data-settings=\"{&quot;_animation&quot;:&quot;fadeInUp&quot;}\" data-widget_type=\"heading.default\">\n\t\t\t\t<div class=\"elementor-widget-container\">\n\t\t\t\t\t<h2 class=\"elementor-heading-title elementor-size-default\">SEAmigos<\/h2>\t\t\t\t<\/div>\n\t\t\t\t<\/div>\n\t\t\t\t\t<\/div>\n\t\t<\/div>\n\t\t\t\t\t<\/div>\n\t\t<\/section>\n\t\t\t\t<section class=\"elementor-section elementor-top-section elementor-element elementor-element-02f7958 elementor-section-full_width elementor-section-height-min-height elementor-section-height-default elementor-section-items-middle\" data-id=\"02f7958\" data-element_type=\"section\" data-settings=\"{&quot;background_background&quot;:&quot;classic&quot;,&quot;_ha_eqh_enable&quot;:false}\">\n\t\t\t\t\t\t\t<div class=\"elementor-background-overlay\"><\/div>\n\t\t\t\t\t\t\t<div class=\"elementor-container elementor-column-gap-wide\">\n\t\t\t\t\t<div class=\"elementor-column elementor-col-100 elementor-top-column elementor-element elementor-element-9a6c2b8\" data-id=\"9a6c2b8\" data-element_type=\"column\">\n\t\t\t<div class=\"elementor-widget-wrap elementor-element-populated\">\n\t\t\t\t\t\t<section class=\"elementor-section elementor-inner-section elementor-element elementor-element-5068d5a elementor-section-full_width elementor-section-height-default elementor-section-height-default\" data-id=\"5068d5a\" data-element_type=\"section\" data-settings=\"{&quot;_ha_eqh_enable&quot;:false}\">\n\t\t\t\t\t\t<div class=\"elementor-container elementor-column-gap-default\">\n\t\t\t\t\t<div class=\"elementor-column elementor-col-50 elementor-inner-column elementor-element elementor-element-c5c36fa\" data-id=\"c5c36fa\" data-element_type=\"column\">\n\t\t\t<div class=\"elementor-widget-wrap elementor-element-populated\">\n\t\t\t\t\t\t<div class=\"elementor-element elementor-element-4e06e80 elementor-widget elementor-widget-heading\" data-id=\"4e06e80\" data-element_type=\"widget\" data-widget_type=\"heading.default\">\n\t\t\t\t<div class=\"elementor-widget-container\">\n\t\t\t\t\t<h3 class=\"elementor-heading-title elementor-size-default\"><b>Refiere a tus amigos y gana!<\/b><\/h3>\t\t\t\t<\/div>\n\t\t\t\t<\/div>\n\t\t\t\t<div class=\"elementor-element elementor-element-80cf9c4 elementor-widget elementor-widget-heading\" data-id=\"80cf9c4\" data-element_type=\"widget\" data-widget_type=\"heading.default\">\n\t\t\t\t<div class=\"elementor-widget-container\">\n\t\t\t\t\t<h4 class=\"elementor-heading-title elementor-size-default\"><b>$50 NZD<\/b><\/h4>\t\t\t\t<\/div>\n\t\t\t\t<\/div>\n\t\t\t\t<div class=\"elementor-element elementor-element-3888aed elementor-widget elementor-widget-text-editor\" data-id=\"3888aed\" data-element_type=\"widget\" data-widget_type=\"text-editor.default\">\n\t\t\t\t<div class=\"elementor-widget-container\">\n\t\t\t\t\t\t\t\t\t<p>Aplicable si la persona que usted refiere completa un proceso de visa con nosotros de los siguientes:<\/p>\n<ul>\n<li>Visa de estudiante (ingl\u00e9s) de 24 semanas en adelante<\/li>\n<li>Visa de estudiante (Diploma nivel 7,8,9)<\/li>\n<li>Visa de trabajo de habilidades esenciales<\/li>\n<li>Visa de trabajo de empleador acreditado<\/li>\n<li>Visa de Pareja<\/li>\n<li>Respuesta a Solicitud de Inmigraci\u00f3n (Cartas PPI)<\/li>\n<li>2021 Resident Visa<\/li>\n<li>Skilled Migrant Category Resident Visa<\/li>\n<\/ul>\t\t\t\t\t\t\t\t<\/div>\n\t\t\t\t<\/div>\n\t\t\t\t<div class=\"elementor-element elementor-element-d5be7ca elementor-widget elementor-widget-heading\" data-id=\"d5be7ca\" data-element_type=\"widget\" data-widget_type=\"heading.default\">\n\t\t\t\t<div class=\"elementor-widget-container\">\n\t\t\t\t\t<h2 class=\"elementor-heading-title elementor-size-default\"><b>Puedes:<br><\/b><br>\n- Reclamar tu bono en efectivo<br>\n- Utilizar tu bono en tu siguiente proceso de visa con nosotros<\/h2>\t\t\t\t<\/div>\n\t\t\t\t<\/div>\n\t\t\t\t<div class=\"elementor-element elementor-element-3442060 elementor-widget elementor-widget-heading\" data-id=\"3442060\" data-element_type=\"widget\" data-widget_type=\"heading.default\">\n\t\t\t\t<div class=\"elementor-widget-container\">\n\t\t\t\t\t<h2 class=\"elementor-heading-title elementor-size-default\">Recuerda que no debes ser cliente para poder participar! cualquiera puede hacer parte de nuestro programa de referidos<\/h2>\t\t\t\t<\/div>\n\t\t\t\t<\/div>\n\t\t\t\t<div class=\"elementor-element elementor-element-d33bf3a elementor-widget elementor-widget-text-editor\" data-id=\"d33bf3a\" data-element_type=\"widget\" data-widget_type=\"text-editor.default\">\n\t\t\t\t<div class=\"elementor-widget-container\">\n\t\t\t\t\t\t\t\t\t<p style=\"font-weight: 400;\">* APLICA T&C. PLAN DE REFERIDOS V\u00c1LIDO PARA NUEVOS REFERIDOS DESDE EL 18\/03\/21<\/p>\t\t\t\t\t\t\t\t<\/div>\n\t\t\t\t<\/div>\n\t\t\t\t\t<\/div>\n\t\t<\/div>\n\t\t\t\t<div class=\"elementor-column elementor-col-50 elementor-inner-column elementor-element elementor-element-0b41486\" data-id=\"0b41486\" data-element_type=\"column\" data-settings=\"{&quot;background_background&quot;:&quot;classic&quot;}\">\n\t\t\t<div class=\"elementor-widget-wrap elementor-element-populated\">\n\t\t\t\t\t\t<div class=\"elementor-element elementor-element-87e9e6a elementor-widget elementor-widget-html\" data-id=\"87e9e6a\" data-element_type=\"widget\" data-widget_type=\"html.default\">\n\t\t\t\t<div class=\"elementor-widget-container\">\n\t\t\t\t\t<script charset=\"utf-8\" type=\"text\/javascript\" src=\"\/\/js.hsforms.net\/forms\/shell.js\"><\/script>\n<script>\n  hbspt.forms.create({\n\tportalId: \"5537554\",\n\tformId: \"7be278ef-993b-4200-802a-850a21896351\"\n});\n<\/script>\t\t\t\t<\/div>\n\t\t\t\t<\/div>\n\t\t\t\t\t<\/div>\n\t\t<\/div>\n\t\t\t\t\t<\/div>\n\t\t<\/section>\n\t\t\t\t<div class=\"elementor-element elementor-element-6981567 elementor-widget elementor-widget-toggle\" data-id=\"6981567\" data-element_type=\"widget\" data-widget_type=\"toggle.default\">\n\t\t\t\t<div class=\"elementor-widget-container\">\n\t\t\t\t\t\t\t<div class=\"elementor-toggle\">\n\t\t\t\t\t\t\t<div class=\"elementor-toggle-item\">\n\t\t\t\t\t<div id=\"elementor-tab-title-1101\" class=\"elementor-tab-title\" data-tab=\"1\" role=\"button\" aria-controls=\"elementor-tab-content-1101\" aria-expanded=\"false\">\n\t\t\t\t\t\t\t\t\t\t\t\t<span class=\"elementor-toggle-icon elementor-toggle-icon-left\" aria-hidden=\"true\">\n\t\t\t\t\t\t\t\t\t\t\t\t\t\t\t<span class=\"elementor-toggle-icon-closed\"><i class=\"fas fa-caret-right\"><\/i><\/span>\n\t\t\t\t\t\t\t\t<span class=\"elementor-toggle-icon-opened\"><i class=\"elementor-toggle-icon-opened fas fa-caret-up\"><\/i><\/span>\n\t\t\t\t\t\t\t\t\t\t\t\t\t<\/span>\n\t\t\t\t\t\t\t\t\t\t\t\t<a class=\"elementor-toggle-title\" tabindex=\"0\">T\u00e9rminos y condiciones<\/a>\n\t\t\t\t\t<\/div>\n\n\t\t\t\t\t<div id=\"elementor-tab-content-1101\" class=\"elementor-tab-content elementor-clearfix\" data-tab=\"1\" role=\"region\" aria-labelledby=\"elementor-tab-title-1101\"><p style=\"font-weight: 400;\"><strong>T\u00c9RMINOS Y CONDICIONES DE LA CAMPA\u00d1A DE REFERIDOS<\/strong><\/p><p style=\"font-weight: 400;\">\u00a0<\/p><ul><li><strong>Duraci\u00f3n:<\/strong> La fecha de inicio es el 18 de marzo de 2021, y finalizar\u00e1 cuando lo determine el Organizador, lo cual ser\u00e1 notificado a trav\u00e9s de sus diferentes canales de comunicaci\u00f3n.<\/li><li><strong>Referido:<\/strong> se refiere a una persona que no tuvo contacto con nosotros antes y no est\u00e1 en nuestro sistema de CRM. debe incluirse en el formulario del solicitante por quien fue referido.<\/li><li><strong>Referido efectivo:<\/strong> se refiere a la persona que realiza y completa un tr\u00e1mite de visa con SEA INTERNATIONAL y la visa es aprobada.<\/li><li><strong>Estado de referencia:<\/strong> debe quedar claro, el cliente fue referido por alguien antes de pagar\/firmar el acuerdo.<\/li><li>No necesita ser un cliente activo de SEA INTERNATIONAL para participar en el programa de referencia efectivo. Cualquiera puede participar.<\/li><li><strong>Procesos de visa excluidos de este programa:<\/strong> Evaluaci\u00f3n de inmigraci\u00f3n, Variaci\u00f3n de condiciones, Visa de trabajo de habilidades esenciales (proceso simplificado), Visa de trabajo posterior al estudio, Visa de temporada o cualquier otro proceso no mencionado anteriormente.<\/li><\/ul><p style=\"font-weight: 400;\"><strong>SOLICITUD DE BONOS Y DESCUENTOS<\/strong><\/p><ul><li>EL bono puede reclamarse dentro de los siguientes 2 meses despu\u00e9s de la aprobaci\u00f3n de la visa del referido.<\/li><li>En el caso de las referencias para visa de estudiante, se debe esperar a que la visa de estudiante sea aprobada y la persona comience su curso satisfactoriamente y estudie durante al menos 3 semanas. Despu\u00e9s de eso, tienes 2 meses para reclamar tu bono.<\/li><li>Puedes canjear tu bono en NZD o en tu moneda local. Para pagos en moneda local, se aplicar\u00e1n tarifas de transferencia bancaria.<\/li><li>Si decides aplicar el bono a tu tr\u00e1mite, deber\u00e1s hacerlo dentro de los siguientes 12 meses a partir del momento en que canjees el bono.<\/li><li>El bono de referencia no se puede canjear en el proceso de Evaluaci\u00f3n\/Assessment migratorio.<\/li><li>El bono no es transferible.<\/li><li>Para reclamar su bono o canjear un cup\u00f3n, su informaci\u00f3n debe estar presente en el Acuerdo de servicio.<\/li><li>Tenga en cuenta que solo se puede reclamar una referencia cada vez. Por ejemplo, en caso de que el registro se haga en pareja, no es posible que se utilizen mutuamente como referencia.<\/li><li>Todas las referencias est\u00e1n sujetas a verificaci\u00f3n.<\/li><li>Los bonos y promociones no se pueden utilizar conjuntamente.<\/li><\/ul><p style=\"font-weight: 400;\">POL\u00cdTICAS DE PRIVACIDAD<\/p><p style=\"font-weight: 400;\">\u00a0<\/p><p style=\"font-weight: 400;\">Al participar en esta campa\u00f1a, los Participantes aceptan las Pol\u00edticas de Privacidad del Organizador y son conscientes de que el Organizador y las agencias o personas autorizadas para ello son responsables del tratamiento de la informaci\u00f3n personal del Participante.<\/p><\/div>\n\t\t\t\t<\/div>\n\t\t\t\t\t\t\t\t<\/div>\n\t\t\t\t\t\t<\/div>\n\t\t\t\t<\/div>\n\t\t\t\t<div class=\"elementor-element elementor-element-7b39b8f elementor-widget elementor-widget-spacer\" data-id=\"7b39b8f\" data-element_type=\"widget\" data-widget_type=\"spacer.default\">\n\t\t\t\t<div class=\"elementor-widget-container\">\n\t\t\t\t\t\t\t<div class=\"elementor-spacer\">\n\t\t\t<div class=\"elementor-spacer-inner\"><\/div>\n\t\t<\/div>\n\t\t\t\t\t\t<\/div>\n\t\t\t\t<\/div>\n\t\t\t\t\t<\/div>\n\t\t<\/div>\n\t\t\t\t\t<\/div>\n\t\t<\/section>\n\t\t\t\t<\/div>\n\t\t","protected":false},"excerpt":{"rendered":"<p>PROGRAMA DE REFERIDOS SEAmigos Refiere a tus amigos y gana! $50 NZD Aplicable si la persona que usted refiere completa un proceso de visa con nosotros de los siguientes: Visa de estudiante (ingl\u00e9s) de 24 semanas en adelante Visa de estudiante (Diploma nivel 7,8,9) Visa de trabajo de habilidades esenciales Visa de trabajo de empleador [&hellip;]<\/p>\n","protected":false},"author":3,"featured_media":0,"parent":0,"menu_order":0,"comment_status":"closed","ping_status":"closed","template":"elementor_header_footer","meta":{"_acf_changed":false,"footnotes":""},"class_list":["post-6419","page","type-page","status-publish","hentry"],"acf":[],"yoast_head":"<!-- This site is optimized with the Yoast SEO Premium plugin v20.5 (Yoast SEO v26.4) - https:\/\/yoast.com\/wordpress\/plugins\/seo\/ -->\n<title>Plan de Referidos - SEA INTERNATIONAL<\/title>\n<meta name=\"robots\" content=\"index, follow, max-snippet:-1, max-image-preview:large, max-video-preview:-1\" \/>\n<link rel=\"canonical\" href=\"https:\/\/www.sea-international.com\/es\/referidos\/\" \/>\n<meta property=\"og:locale\" content=\"es_ES\" \/>\n<meta property=\"og:type\" content=\"article\" \/>\n<meta property=\"og:title\" content=\"Plan de Referidos\" \/>\n<meta property=\"og:description\" content=\"PROGRAMA DE REFERIDOS SEAmigos Refiere a tus amigos y gana! $50 NZD Aplicable si la persona que usted refiere completa un proceso de visa con nosotros de los siguientes: Visa de estudiante (ingl\u00e9s) de 24 semanas en adelante Visa de estudiante (Diploma nivel 7,8,9) Visa de trabajo de habilidades esenciales Visa de trabajo de empleador [&hellip;]\" \/>\n<meta property=\"og:url\" content=\"https:\/\/www.sea-international.com\/es\/referidos\/\" \/>\n<meta property=\"og:site_name\" content=\"SEA INTERNATIONAL\" \/>\n<meta property=\"article:publisher\" content=\"https:\/\/www.facebook.com\/seainternational\/\" \/>\n<meta property=\"article:modified_time\" content=\"2022-08-26T01:51:11+00:00\" \/>\n<meta property=\"og:image\" content=\"https:\/\/www.sea-international.com\/es\/wp-content\/uploads\/sites\/6\/2020\/10\/SEO_SEA-05.jpg\" \/>\n\t<meta property=\"og:image:width\" content=\"800\" \/>\n\t<meta property=\"og:image:height\" content=\"600\" \/>\n\t<meta property=\"og:image:type\" content=\"image\/jpeg\" \/>\n<meta name=\"twitter:card\" content=\"summary_large_image\" \/>\n<meta name=\"twitter:site\" content=\"@SEAINTLATAM\" \/>\n<meta name=\"twitter:label1\" content=\"Tiempo de lectura\" \/>\n\t<meta name=\"twitter:data1\" content=\"3 minutos\" \/>\n<script type=\"application\/ld+json\" class=\"yoast-schema-graph\">{\"@context\":\"https:\/\/schema.org\",\"@graph\":[{\"@type\":\"WebPage\",\"@id\":\"https:\/\/www.sea-international.com\/es\/referidos\/\",\"url\":\"https:\/\/www.sea-international.com\/es\/referidos\/\",\"name\":\"Plan de Referidos - SEA INTERNATIONAL\",\"isPartOf\":{\"@id\":\"https:\/\/www.sea-international.com\/es\/#website\"},\"datePublished\":\"2022-08-26T01:49:47+00:00\",\"dateModified\":\"2022-08-26T01:51:11+00:00\",\"breadcrumb\":{\"@id\":\"https:\/\/www.sea-international.com\/es\/referidos\/#breadcrumb\"},\"inLanguage\":\"es\",\"potentialAction\":[{\"@type\":\"ReadAction\",\"target\":[\"https:\/\/www.sea-international.com\/es\/referidos\/\"]}]},{\"@type\":\"BreadcrumbList\",\"@id\":\"https:\/\/www.sea-international.com\/es\/referidos\/#breadcrumb\",\"itemListElement\":[{\"@type\":\"ListItem\",\"position\":1,\"name\":\"Home\",\"item\":\"https:\/\/www.sea-international.com\/es\/\"},{\"@type\":\"ListItem\",\"position\":2,\"name\":\"Plan de Referidos\"}]},{\"@type\":\"WebSite\",\"@id\":\"https:\/\/www.sea-international.com\/es\/#website\",\"url\":\"https:\/\/www.sea-international.com\/es\/\",\"name\":\"SEA INTERNATIONAL\",\"description\":\"Immigration and education services\",\"publisher\":{\"@id\":\"https:\/\/www.sea-international.com\/es\/#organization\"},\"potentialAction\":[{\"@type\":\"SearchAction\",\"target\":{\"@type\":\"EntryPoint\",\"urlTemplate\":\"https:\/\/www.sea-international.com\/es\/?s={search_term_string}\"},\"query-input\":{\"@type\":\"PropertyValueSpecification\",\"valueRequired\":true,\"valueName\":\"search_term_string\"}}],\"inLanguage\":\"es\"},{\"@type\":\"Organization\",\"@id\":\"https:\/\/www.sea-international.com\/es\/#organization\",\"name\":\"SEA International\",\"url\":\"https:\/\/www.sea-international.com\/es\/\",\"logo\":{\"@type\":\"ImageObject\",\"inLanguage\":\"es\",\"@id\":\"https:\/\/www.sea-international.com\/es\/#\/schema\/logo\/image\/\",\"url\":\"https:\/\/www.sea-international.com\/es\/wp-content\/uploads\/sites\/6\/2020\/11\/cropped-sea-international-logo.png\",\"contentUrl\":\"https:\/\/www.sea-international.com\/es\/wp-content\/uploads\/sites\/6\/2020\/11\/cropped-sea-international-logo.png\",\"width\":487,\"height\":126,\"caption\":\"SEA International\"},\"image\":{\"@id\":\"https:\/\/www.sea-international.com\/es\/#\/schema\/logo\/image\/\"},\"sameAs\":[\"https:\/\/www.facebook.com\/seainternational\/\",\"https:\/\/x.com\/SEAINTLATAM\",\"https:\/\/twitter.com\/SEAINTLATAM\",\"https:\/\/www.linkedin.com\/company\/seainternational\/\",\"https:\/\/www.youtube.com\/user\/seaconz\"]}]}<\/script>\n<!-- \/ Yoast SEO Premium plugin. -->","yoast_head_json":{"title":"Plan de Referidos - SEA INTERNATIONAL","robots":{"index":"index","follow":"follow","max-snippet":"max-snippet:-1","max-image-preview":"max-image-preview:large","max-video-preview":"max-video-preview:-1"},"canonical":"https:\/\/www.sea-international.com\/es\/referidos\/","og_locale":"es_ES","og_type":"article","og_title":"Plan de Referidos","og_description":"PROGRAMA DE REFERIDOS SEAmigos Refiere a tus amigos y gana! $50 NZD Aplicable si la persona que usted refiere completa un proceso de visa con nosotros de los siguientes: Visa de estudiante (ingl\u00e9s) de 24 semanas en adelante Visa de estudiante (Diploma nivel 7,8,9) Visa de trabajo de habilidades esenciales Visa de trabajo de empleador [&hellip;]","og_url":"https:\/\/www.sea-international.com\/es\/referidos\/","og_site_name":"SEA INTERNATIONAL","article_publisher":"https:\/\/www.facebook.com\/seainternational\/","article_modified_time":"2022-08-26T01:51:11+00:00","og_image":[{"width":800,"height":600,"url":"https:\/\/www.sea-international.com\/es\/wp-content\/uploads\/sites\/6\/2020\/10\/SEO_SEA-05.jpg","type":"image\/jpeg"}],"twitter_card":"summary_large_image","twitter_site":"@SEAINTLATAM","twitter_misc":{"Tiempo de lectura":"3 minutos"},"schema":{"@context":"https:\/\/schema.org","@graph":[{"@type":"WebPage","@id":"https:\/\/www.sea-international.com\/es\/referidos\/","url":"https:\/\/www.sea-international.com\/es\/referidos\/","name":"Plan de Referidos - SEA INTERNATIONAL","isPartOf":{"@id":"https:\/\/www.sea-international.com\/es\/#website"},"datePublished":"2022-08-26T01:49:47+00:00","dateModified":"2022-08-26T01:51:11+00:00","breadcrumb":{"@id":"https:\/\/www.sea-international.com\/es\/referidos\/#breadcrumb"},"inLanguage":"es","potentialAction":[{"@type":"ReadAction","target":["https:\/\/www.sea-international.com\/es\/referidos\/"]}]},{"@type":"BreadcrumbList","@id":"https:\/\/www.sea-international.com\/es\/referidos\/#breadcrumb","itemListElement":[{"@type":"ListItem","position":1,"name":"Home","item":"https:\/\/www.sea-international.com\/es\/"},{"@type":"ListItem","position":2,"name":"Plan de Referidos"}]},{"@type":"WebSite","@id":"https:\/\/www.sea-international.com\/es\/#website","url":"https:\/\/www.sea-international.com\/es\/","name":"SEA INTERNATIONAL","description":"Immigration and education services","publisher":{"@id":"https:\/\/www.sea-international.com\/es\/#organization"},"potentialAction":[{"@type":"SearchAction","target":{"@type":"EntryPoint","urlTemplate":"https:\/\/www.sea-international.com\/es\/?s={search_term_string}"},"query-input":{"@type":"PropertyValueSpecification","valueRequired":true,"valueName":"search_term_string"}}],"inLanguage":"es"},{"@type":"Organization","@id":"https:\/\/www.sea-international.com\/es\/#organization","name":"SEA International","url":"https:\/\/www.sea-international.com\/es\/","logo":{"@type":"ImageObject","inLanguage":"es","@id":"https:\/\/www.sea-international.com\/es\/#\/schema\/logo\/image\/","url":"https:\/\/www.sea-international.com\/es\/wp-content\/uploads\/sites\/6\/2020\/11\/cropped-sea-international-logo.png","contentUrl":"https:\/\/www.sea-international.com\/es\/wp-content\/uploads\/sites\/6\/2020\/11\/cropped-sea-international-logo.png","width":487,"height":126,"caption":"SEA International"},"image":{"@id":"https:\/\/www.sea-international.com\/es\/#\/schema\/logo\/image\/"},"sameAs":["https:\/\/www.facebook.com\/seainternational\/","https:\/\/x.com\/SEAINTLATAM","https:\/\/twitter.com\/SEAINTLATAM","https:\/\/www.linkedin.com\/company\/seainternational\/","https:\/\/www.youtube.com\/user\/seaconz"]}]}},"_links":{"self":[{"href":"https:\/\/www.sea-international.com\/es\/wp-json\/wp\/v2\/pages\/6419","targetHints":{"allow":["GET"]}}],"collection":[{"href":"https:\/\/www.sea-international.com\/es\/wp-json\/wp\/v2\/pages"}],"about":[{"href":"https:\/\/www.sea-international.com\/es\/wp-json\/wp\/v2\/types\/page"}],"author":[{"embeddable":true,"href":"https:\/\/www.sea-international.com\/es\/wp-json\/wp\/v2\/users\/3"}],"replies":[{"embeddable":true,"href":"https:\/\/www.sea-international.com\/es\/wp-json\/wp\/v2\/comments?post=6419"}],"version-history":[{"count":2,"href":"https:\/\/www.sea-international.com\/es\/wp-json\/wp\/v2\/pages\/6419\/revisions"}],"predecessor-version":[{"id":6532,"href":"https:\/\/www.sea-international.com\/es\/wp-json\/wp\/v2\/pages\/6419\/revisions\/6532"}],"wp:attachment":[{"href":"https:\/\/www.sea-international.com\/es\/wp-json\/wp\/v2\/media?parent=6419"}],"curies":[{"name":"wp","href":"https:\/\/api.w.org\/{rel}","templated":true}]}}