{"id":3355,"date":"2021-03-05T02:43:37","date_gmt":"2021-03-04T14:43:37","guid":{"rendered":"https:\/\/www.sea-international.com\/pt\/?page_id=3355"},"modified":"2022-02-15T11:08:10","modified_gmt":"2022-02-14T23:08:10","slug":"contato","status":"publish","type":"page","link":"https:\/\/www.sea-international.com\/pt\/contato\/","title":{"rendered":"Entre em contato"},"content":{"rendered":"\t\t<div data-elementor-type=\"wp-page\" data-elementor-id=\"3355\" class=\"elementor elementor-3355\" data-elementor-settings=\"{&quot;ha_cmc_init_switcher&quot;:&quot;no&quot;}\" data-elementor-post-type=\"page\">\n\t\t\t\t\t\t<section class=\"elementor-section elementor-top-section elementor-element elementor-element-3588bdd elementor-section-boxed elementor-section-height-default elementor-section-height-default\" data-id=\"3588bdd\" data-element_type=\"section\" data-settings=\"{&quot;background_background&quot;:&quot;classic&quot;,&quot;_ha_eqh_enable&quot;:false}\">\n\t\t\t\t\t\t\t<div class=\"elementor-background-overlay\"><\/div>\n\t\t\t\t\t\t\t<div class=\"elementor-container elementor-column-gap-default\">\n\t\t\t\t\t<div class=\"elementor-column elementor-col-100 elementor-top-column elementor-element elementor-element-7f0b4a4e\" data-id=\"7f0b4a4e\" data-element_type=\"column\" data-settings=\"{&quot;motion_fx_motion_fx_scrolling&quot;:&quot;yes&quot;,&quot;motion_fx_translateY_effect&quot;:&quot;yes&quot;,&quot;motion_fx_translateY_speed&quot;:{&quot;unit&quot;:&quot;px&quot;,&quot;size&quot;:2,&quot;sizes&quot;:[]},&quot;motion_fx_translateY_affectedRange&quot;:{&quot;unit&quot;:&quot;%&quot;,&quot;size&quot;:&quot;&quot;,&quot;sizes&quot;:{&quot;start&quot;:11,&quot;end&quot;:82}},&quot;motion_fx_devices&quot;:[&quot;desktop&quot;,&quot;tablet&quot;,&quot;mobile&quot;]}\">\n\t\t\t<div class=\"elementor-widget-wrap elementor-element-populated\">\n\t\t\t\t\t\t<div class=\"elementor-element elementor-element-1c42a154 elementor-invisible elementor-widget elementor-widget-heading\" data-id=\"1c42a154\" data-element_type=\"widget\" data-settings=\"{&quot;_animation&quot;:&quot;fadeIn&quot;}\" data-widget_type=\"heading.default\">\n\t\t\t\t<div class=\"elementor-widget-container\">\n\t\t\t\t\t<h2 class=\"elementor-heading-title elementor-size-default\">NOVA ZEL\u00c2NDIA COME\u00c7A AQUI<\/h2>\t\t\t\t<\/div>\n\t\t\t\t<\/div>\n\t\t\t\t<div class=\"elementor-element elementor-element-6a6bbc7f elementor-widget-divider--view-line elementor-invisible elementor-widget elementor-widget-divider\" data-id=\"6a6bbc7f\" data-element_type=\"widget\" data-settings=\"{&quot;_animation&quot;:&quot;fadeIn&quot;,&quot;_animation_delay&quot;:100}\" data-widget_type=\"divider.default\">\n\t\t\t\t<div class=\"elementor-widget-container\">\n\t\t\t\t\t\t\t<div class=\"elementor-divider\">\n\t\t\t<span class=\"elementor-divider-separator\">\n\t\t\t\t\t\t<\/span>\n\t\t<\/div>\n\t\t\t\t\t\t<\/div>\n\t\t\t\t<\/div>\n\t\t\t\t<div class=\"elementor-element elementor-element-12332c9f animated-fast elementor-invisible elementor-widget elementor-widget-heading\" data-id=\"12332c9f\" data-element_type=\"widget\" data-settings=\"{&quot;_animation&quot;:&quot;fadeInUp&quot;}\" data-widget_type=\"heading.default\">\n\t\t\t\t<div class=\"elementor-widget-container\">\n\t\t\t\t\t<h1 class=\"elementor-heading-title elementor-size-default\">Inicie seu processo de imigra\u00e7\u00e3o<\/h1>\t\t\t\t<\/div>\n\t\t\t\t<\/div>\n\t\t\t\t\t<\/div>\n\t\t<\/div>\n\t\t\t\t\t<\/div>\n\t\t<\/section>\n\t\t\t\t<section class=\"elementor-section elementor-top-section elementor-element elementor-element-209e7d8 elementor-section-boxed elementor-section-height-default elementor-section-height-default\" data-id=\"209e7d8\" data-element_type=\"section\" data-settings=\"{&quot;_ha_eqh_enable&quot;:false}\">\n\t\t\t\t\t\t<div class=\"elementor-container elementor-column-gap-default\">\n\t\t\t\t\t<div class=\"elementor-column elementor-col-100 elementor-top-column elementor-element elementor-element-4afe1b6\" data-id=\"4afe1b6\" data-element_type=\"column\">\n\t\t\t<div class=\"elementor-widget-wrap elementor-element-populated\">\n\t\t\t\t\t\t<div class=\"elementor-element elementor-element-c82a134 elementor-widget elementor-widget-spacer\" data-id=\"c82a134\" data-element_type=\"widget\" data-widget_type=\"spacer.default\">\n\t\t\t\t<div class=\"elementor-widget-container\">\n\t\t\t\t\t\t\t<div class=\"elementor-spacer\">\n\t\t\t<div class=\"elementor-spacer-inner\"><\/div>\n\t\t<\/div>\n\t\t\t\t\t\t<\/div>\n\t\t\t\t<\/div>\n\t\t\t\t\t<\/div>\n\t\t<\/div>\n\t\t\t\t\t<\/div>\n\t\t<\/section>\n\t\t\t\t<section class=\"elementor-section elementor-top-section elementor-element elementor-element-1b01094 elementor-section-content-middle elementor-section-boxed elementor-section-height-default elementor-section-height-default\" data-id=\"1b01094\" data-element_type=\"section\" data-settings=\"{&quot;_ha_eqh_enable&quot;:false}\">\n\t\t\t\t\t\t\t<div class=\"elementor-background-overlay\"><\/div>\n\t\t\t\t\t\t\t<div class=\"elementor-container elementor-column-gap-no\">\n\t\t\t\t\t<div class=\"elementor-column elementor-col-50 elementor-top-column elementor-element elementor-element-ce7e47d\" data-id=\"ce7e47d\" data-element_type=\"column\" data-settings=\"{&quot;background_background&quot;:&quot;classic&quot;}\">\n\t\t\t<div class=\"elementor-widget-wrap elementor-element-populated\">\n\t\t\t\t\t\t<div class=\"elementor-element elementor-element-a3d7bf7 elementor-view-framed elementor-shape-circle elementor-widget elementor-widget-icon\" data-id=\"a3d7bf7\" data-element_type=\"widget\" data-widget_type=\"icon.default\">\n\t\t\t\t<div class=\"elementor-widget-container\">\n\t\t\t\t\t\t\t<div class=\"elementor-icon-wrapper\">\n\t\t\t<div class=\"elementor-icon\">\n\t\t\t<i aria-hidden=\"true\" class=\"fas fa-bullhorn\"><\/i>\t\t\t<\/div>\n\t\t<\/div>\n\t\t\t\t\t\t<\/div>\n\t\t\t\t<\/div>\n\t\t\t\t\t<\/div>\n\t\t<\/div>\n\t\t\t\t<div class=\"elementor-column elementor-col-50 elementor-top-column elementor-element elementor-element-70d92c3\" data-id=\"70d92c3\" data-element_type=\"column\" data-settings=\"{&quot;background_background&quot;:&quot;classic&quot;}\">\n\t\t\t<div class=\"elementor-widget-wrap elementor-element-populated\">\n\t\t\t\t\t\t<div class=\"elementor-element elementor-element-cd0ea43 elementor-widget elementor-widget-text-editor\" data-id=\"cd0ea43\" data-element_type=\"widget\" data-widget_type=\"text-editor.default\">\n\t\t\t\t<div class=\"elementor-widget-container\">\n\t\t\t\t\t\t\t\t\t<p>Por favor, preencha o formul\u00e1rio a seguir <b>na \u00edntegra<\/b>, suas respostas nos ajudar\u00e3o a aconselh\u00e1-lo melhor. Nossa <b>avalia\u00e7\u00e3o geral gratuita<\/b> consiste em analisar o formul\u00e1rio e orient\u00e1-lo na melhor op\u00e7\u00e3o de visto para voc\u00ea, <b><u>no entanto, se como resultado dessa an\u00e1lise determinarmos que nas suas circunst\u00e2ncias atuais n\u00e3o recomendamos a solicita\u00e7\u00e3o de visto, apenas o notificaremos via email.<\/u><\/b><\/p>\t\t\t\t\t\t\t\t<\/div>\n\t\t\t\t<\/div>\n\t\t\t\t\t<\/div>\n\t\t<\/div>\n\t\t\t\t\t<\/div>\n\t\t<\/section>\n\t\t\t\t<section class=\"elementor-section elementor-top-section elementor-element elementor-element-c0b8ba6 elementor-section-content-middle elementor-section-boxed elementor-section-height-default elementor-section-height-default\" data-id=\"c0b8ba6\" data-element_type=\"section\" data-settings=\"{&quot;_ha_eqh_enable&quot;:false}\">\n\t\t\t\t\t\t\t<div class=\"elementor-background-overlay\"><\/div>\n\t\t\t\t\t\t\t<div class=\"elementor-container elementor-column-gap-no\">\n\t\t\t\t\t<div class=\"elementor-column elementor-col-100 elementor-top-column elementor-element elementor-element-e2c7bb5\" data-id=\"e2c7bb5\" data-element_type=\"column\" data-settings=\"{&quot;background_background&quot;:&quot;classic&quot;}\">\n\t\t\t<div class=\"elementor-widget-wrap elementor-element-populated\">\n\t\t\t\t\t\t<div class=\"elementor-element elementor-element-1482ebd elementor-widget elementor-widget-text-editor\" data-id=\"1482ebd\" data-element_type=\"widget\" data-widget_type=\"text-editor.default\">\n\t\t\t\t<div class=\"elementor-widget-container\">\n\t\t\t\t\t\t\t\t\t<p style=\"text-align: center;\">Entraremos em contato com voc\u00ea o mais r\u00e1pido poss\u00edvel, <b>no entanto, pode n\u00e3o ser um processo imediato, pois estamos atendendo casos por ordem de prioridade <\/b>de acordo com a fase em que as pessoas podem entrar de acordo com sua nacionalidade e seu projeto de viagem. Pedimos desculpas por qualquer inconveniente que isso possa causar. <b>Verifique constantemente seu e-mail de spam, \u00e0s vezes voc\u00ea pode receber nossos e-mails l\u00e1.<\/b><\/p>\t\t\t\t\t\t\t\t<\/div>\n\t\t\t\t<\/div>\n\t\t\t\t\t<\/div>\n\t\t<\/div>\n\t\t\t\t\t<\/div>\n\t\t<\/section>\n\t\t\t\t<section class=\"elementor-section elementor-top-section elementor-element elementor-element-d0d14e4 elementor-section-boxed elementor-section-height-default elementor-section-height-default\" data-id=\"d0d14e4\" data-element_type=\"section\" data-settings=\"{&quot;_ha_eqh_enable&quot;:false}\">\n\t\t\t\t\t\t<div class=\"elementor-container elementor-column-gap-default\">\n\t\t\t\t\t<div class=\"elementor-column elementor-col-100 elementor-top-column elementor-element elementor-element-1da1bba\" data-id=\"1da1bba\" data-element_type=\"column\">\n\t\t\t<div class=\"elementor-widget-wrap elementor-element-populated\">\n\t\t\t\t\t\t<div class=\"elementor-element elementor-element-ee3bd68 elementor-widget elementor-widget-heading\" data-id=\"ee3bd68\" data-element_type=\"widget\" data-widget_type=\"heading.default\">\n\t\t\t\t<div class=\"elementor-widget-container\">\n\t\t\t\t\t<h2 class=\"elementor-heading-title elementor-size-default\">De onde voc\u00ea nos contata?<\/h2>\t\t\t\t<\/div>\n\t\t\t\t<\/div>\n\t\t\t\t\t<\/div>\n\t\t<\/div>\n\t\t\t\t\t<\/div>\n\t\t<\/section>\n\t\t\t\t<section class=\"elementor-section elementor-top-section elementor-element elementor-element-fb7dacf elementor-section-boxed elementor-section-height-default elementor-section-height-default\" data-id=\"fb7dacf\" data-element_type=\"section\" data-settings=\"{&quot;_ha_eqh_enable&quot;:false}\">\n\t\t\t\t\t\t<div class=\"elementor-container elementor-column-gap-default\">\n\t\t\t\t\t<div class=\"elementor-column elementor-col-100 elementor-top-column elementor-element elementor-element-8c02663\" data-id=\"8c02663\" data-element_type=\"column\">\n\t\t\t<div class=\"elementor-widget-wrap elementor-element-populated\">\n\t\t\t\t\t\t<div class=\"elementor-element elementor-element-b6a2de0 elementor-widget elementor-widget-html\" data-id=\"b6a2de0\" data-element_type=\"widget\" data-widget_type=\"html.default\">\n\t\t\t\t<div class=\"elementor-widget-container\">\n\t\t\t\t\t<script charset=\"utf-8\" type=\"text\/javascript\" src=\"\/\/js.hsforms.net\/forms\/shell.js\"><\/script>\n<script>\n  hbspt.forms.create({\n\tregion: \"na1\",\n\tportalId: \"5537554\",\n\tformId: \"c9ddf8d9-41f6-42d9-a297-2aed1440c0e7\"\n});\n<\/script>\t\t\t\t<\/div>\n\t\t\t\t<\/div>\n\t\t\t\t\t<\/div>\n\t\t<\/div>\n\t\t\t\t\t<\/div>\n\t\t<\/section>\n\t\t\t\t<\/div>\n\t\t","protected":false},"excerpt":{"rendered":"<p>NOVA ZEL\u00c2NDIA COME\u00c7A AQUI Inicie seu processo de imigra\u00e7\u00e3o Por favor, preencha o formul\u00e1rio a seguir na \u00edntegra, suas respostas nos ajudar\u00e3o a aconselh\u00e1-lo melhor. Nossa avalia\u00e7\u00e3o geral gratuita consiste em analisar o formul\u00e1rio e orient\u00e1-lo na melhor op\u00e7\u00e3o de visto para voc\u00ea, no entanto, se como resultado dessa an\u00e1lise determinarmos que nas suas circunst\u00e2ncias [&hellip;]<\/p>\n","protected":false},"author":3,"featured_media":3505,"parent":0,"menu_order":0,"comment_status":"closed","ping_status":"closed","template":"elementor_header_footer","meta":{"_acf_changed":false,"footnotes":""},"class_list":["post-3355","page","type-page","status-publish","has-post-thumbnail","hentry"],"acf":[],"yoast_head":"<!-- This site is optimized with the Yoast SEO Premium plugin v20.5 (Yoast SEO v26.4) - https:\/\/yoast.com\/wordpress\/plugins\/seo\/ -->\n<title>Entre em contato - SEA INTERNATIONAL<\/title>\n<meta name=\"robots\" content=\"index, follow, max-snippet:-1, max-image-preview:large, max-video-preview:-1\" \/>\n<link rel=\"canonical\" href=\"https:\/\/www.sea-international.com\/pt\/contato\/\" \/>\n<meta property=\"og:locale\" content=\"pt_BR\" \/>\n<meta property=\"og:type\" content=\"article\" \/>\n<meta property=\"og:title\" content=\"Entre em contato\" \/>\n<meta property=\"og:description\" content=\"NOVA ZEL\u00c2NDIA COME\u00c7A AQUI Inicie seu processo de imigra\u00e7\u00e3o Por favor, preencha o formul\u00e1rio a seguir na \u00edntegra, suas respostas nos ajudar\u00e3o a aconselh\u00e1-lo melhor. Nossa avalia\u00e7\u00e3o geral gratuita consiste em analisar o formul\u00e1rio e orient\u00e1-lo na melhor op\u00e7\u00e3o de visto para voc\u00ea, no entanto, se como resultado dessa an\u00e1lise determinarmos que nas suas circunst\u00e2ncias [&hellip;]\" \/>\n<meta property=\"og:url\" content=\"https:\/\/www.sea-international.com\/pt\/contato\/\" \/>\n<meta property=\"og:site_name\" content=\"SEA INTERNATIONAL\" \/>\n<meta property=\"article:publisher\" content=\"https:\/\/www.facebook.com\/seainternational\/\" \/>\n<meta property=\"article:modified_time\" content=\"2022-02-14T23:08:10+00:00\" \/>\n<meta property=\"og:image\" content=\"https:\/\/www.sea-international.com\/pt\/wp-content\/uploads\/sites\/7\/2021\/03\/sea-international.jpeg\" \/>\n\t<meta property=\"og:image:width\" content=\"800\" \/>\n\t<meta property=\"og:image:height\" content=\"600\" \/>\n\t<meta property=\"og:image:type\" content=\"image\/jpeg\" \/>\n<meta name=\"twitter:card\" content=\"summary_large_image\" \/>\n<meta name=\"twitter:site\" content=\"@SEAINTLATAM\" \/>\n<meta name=\"twitter:label1\" content=\"Est. tempo de leitura\" \/>\n\t<meta name=\"twitter:data1\" content=\"1 minuto\" \/>\n<script type=\"application\/ld+json\" class=\"yoast-schema-graph\">{\"@context\":\"https:\/\/schema.org\",\"@graph\":[{\"@type\":\"WebPage\",\"@id\":\"https:\/\/www.sea-international.com\/pt\/contato\/\",\"url\":\"https:\/\/www.sea-international.com\/pt\/contato\/\",\"name\":\"Entre em contato - SEA INTERNATIONAL\",\"isPartOf\":{\"@id\":\"https:\/\/www.sea-international.com\/pt\/#website\"},\"primaryImageOfPage\":{\"@id\":\"https:\/\/www.sea-international.com\/pt\/contato\/#primaryimage\"},\"image\":{\"@id\":\"https:\/\/www.sea-international.com\/pt\/contato\/#primaryimage\"},\"thumbnailUrl\":\"https:\/\/www.sea-international.com\/pt\/wp-content\/uploads\/sites\/7\/2021\/03\/sea-international.jpeg\",\"datePublished\":\"2021-03-04T14:43:37+00:00\",\"dateModified\":\"2022-02-14T23:08:10+00:00\",\"breadcrumb\":{\"@id\":\"https:\/\/www.sea-international.com\/pt\/contato\/#breadcrumb\"},\"inLanguage\":\"pt-BR\",\"potentialAction\":[{\"@type\":\"ReadAction\",\"target\":[\"https:\/\/www.sea-international.com\/pt\/contato\/\"]}]},{\"@type\":\"ImageObject\",\"inLanguage\":\"pt-BR\",\"@id\":\"https:\/\/www.sea-international.com\/pt\/contato\/#primaryimage\",\"url\":\"https:\/\/www.sea-international.com\/pt\/wp-content\/uploads\/sites\/7\/2021\/03\/sea-international.jpeg\",\"contentUrl\":\"https:\/\/www.sea-international.com\/pt\/wp-content\/uploads\/sites\/7\/2021\/03\/sea-international.jpeg\",\"width\":800,\"height\":600},{\"@type\":\"BreadcrumbList\",\"@id\":\"https:\/\/www.sea-international.com\/pt\/contato\/#breadcrumb\",\"itemListElement\":[{\"@type\":\"ListItem\",\"position\":1,\"name\":\"Portada\",\"item\":\"https:\/\/www.sea-international.com\/pt\/\"},{\"@type\":\"ListItem\",\"position\":2,\"name\":\"Entre em contato\"}]},{\"@type\":\"WebSite\",\"@id\":\"https:\/\/www.sea-international.com\/pt\/#website\",\"url\":\"https:\/\/www.sea-international.com\/pt\/\",\"name\":\"SEA INTERNATIONAL\",\"description\":\"Immigration and education services\",\"publisher\":{\"@id\":\"https:\/\/www.sea-international.com\/pt\/#organization\"},\"potentialAction\":[{\"@type\":\"SearchAction\",\"target\":{\"@type\":\"EntryPoint\",\"urlTemplate\":\"https:\/\/www.sea-international.com\/pt\/?s={search_term_string}\"},\"query-input\":{\"@type\":\"PropertyValueSpecification\",\"valueRequired\":true,\"valueName\":\"search_term_string\"}}],\"inLanguage\":\"pt-BR\"},{\"@type\":\"Organization\",\"@id\":\"https:\/\/www.sea-international.com\/pt\/#organization\",\"name\":\"Sea International\",\"url\":\"https:\/\/www.sea-international.com\/pt\/\",\"logo\":{\"@type\":\"ImageObject\",\"inLanguage\":\"pt-BR\",\"@id\":\"https:\/\/www.sea-international.com\/pt\/#\/schema\/logo\/image\/\",\"url\":\"https:\/\/www.sea-international.com\/pt\/wp-content\/uploads\/sites\/7\/2020\/04\/logo-sea-international-04.png\",\"contentUrl\":\"https:\/\/www.sea-international.com\/pt\/wp-content\/uploads\/sites\/7\/2020\/04\/logo-sea-international-04.png\",\"width\":298,\"height\":58,\"caption\":\"Sea International\"},\"image\":{\"@id\":\"https:\/\/www.sea-international.com\/pt\/#\/schema\/logo\/image\/\"},\"sameAs\":[\"https:\/\/www.facebook.com\/seainternational\/\",\"https:\/\/x.com\/SEAINTLATAM\",\"https:\/\/twitter.com\/SEAINTLATAM\",\"https:\/\/www.linkedin.com\/company\/seainternational\/\",\"https:\/\/www.youtube.com\/user\/seaconz\"]}]}<\/script>\n<!-- \/ Yoast SEO Premium plugin. -->","yoast_head_json":{"title":"Entre em contato - SEA INTERNATIONAL","robots":{"index":"index","follow":"follow","max-snippet":"max-snippet:-1","max-image-preview":"max-image-preview:large","max-video-preview":"max-video-preview:-1"},"canonical":"https:\/\/www.sea-international.com\/pt\/contato\/","og_locale":"pt_BR","og_type":"article","og_title":"Entre em contato","og_description":"NOVA ZEL\u00c2NDIA COME\u00c7A AQUI Inicie seu processo de imigra\u00e7\u00e3o Por favor, preencha o formul\u00e1rio a seguir na \u00edntegra, suas respostas nos ajudar\u00e3o a aconselh\u00e1-lo melhor. Nossa avalia\u00e7\u00e3o geral gratuita consiste em analisar o formul\u00e1rio e orient\u00e1-lo na melhor op\u00e7\u00e3o de visto para voc\u00ea, no entanto, se como resultado dessa an\u00e1lise determinarmos que nas suas circunst\u00e2ncias [&hellip;]","og_url":"https:\/\/www.sea-international.com\/pt\/contato\/","og_site_name":"SEA INTERNATIONAL","article_publisher":"https:\/\/www.facebook.com\/seainternational\/","article_modified_time":"2022-02-14T23:08:10+00:00","og_image":[{"width":800,"height":600,"url":"https:\/\/www.sea-international.com\/pt\/wp-content\/uploads\/sites\/7\/2021\/03\/sea-international.jpeg","type":"image\/jpeg"}],"twitter_card":"summary_large_image","twitter_site":"@SEAINTLATAM","twitter_misc":{"Est. tempo de leitura":"1 minuto"},"schema":{"@context":"https:\/\/schema.org","@graph":[{"@type":"WebPage","@id":"https:\/\/www.sea-international.com\/pt\/contato\/","url":"https:\/\/www.sea-international.com\/pt\/contato\/","name":"Entre em contato - SEA INTERNATIONAL","isPartOf":{"@id":"https:\/\/www.sea-international.com\/pt\/#website"},"primaryImageOfPage":{"@id":"https:\/\/www.sea-international.com\/pt\/contato\/#primaryimage"},"image":{"@id":"https:\/\/www.sea-international.com\/pt\/contato\/#primaryimage"},"thumbnailUrl":"https:\/\/www.sea-international.com\/pt\/wp-content\/uploads\/sites\/7\/2021\/03\/sea-international.jpeg","datePublished":"2021-03-04T14:43:37+00:00","dateModified":"2022-02-14T23:08:10+00:00","breadcrumb":{"@id":"https:\/\/www.sea-international.com\/pt\/contato\/#breadcrumb"},"inLanguage":"pt-BR","potentialAction":[{"@type":"ReadAction","target":["https:\/\/www.sea-international.com\/pt\/contato\/"]}]},{"@type":"ImageObject","inLanguage":"pt-BR","@id":"https:\/\/www.sea-international.com\/pt\/contato\/#primaryimage","url":"https:\/\/www.sea-international.com\/pt\/wp-content\/uploads\/sites\/7\/2021\/03\/sea-international.jpeg","contentUrl":"https:\/\/www.sea-international.com\/pt\/wp-content\/uploads\/sites\/7\/2021\/03\/sea-international.jpeg","width":800,"height":600},{"@type":"BreadcrumbList","@id":"https:\/\/www.sea-international.com\/pt\/contato\/#breadcrumb","itemListElement":[{"@type":"ListItem","position":1,"name":"Portada","item":"https:\/\/www.sea-international.com\/pt\/"},{"@type":"ListItem","position":2,"name":"Entre em contato"}]},{"@type":"WebSite","@id":"https:\/\/www.sea-international.com\/pt\/#website","url":"https:\/\/www.sea-international.com\/pt\/","name":"SEA INTERNATIONAL","description":"Immigration and education services","publisher":{"@id":"https:\/\/www.sea-international.com\/pt\/#organization"},"potentialAction":[{"@type":"SearchAction","target":{"@type":"EntryPoint","urlTemplate":"https:\/\/www.sea-international.com\/pt\/?s={search_term_string}"},"query-input":{"@type":"PropertyValueSpecification","valueRequired":true,"valueName":"search_term_string"}}],"inLanguage":"pt-BR"},{"@type":"Organization","@id":"https:\/\/www.sea-international.com\/pt\/#organization","name":"Sea International","url":"https:\/\/www.sea-international.com\/pt\/","logo":{"@type":"ImageObject","inLanguage":"pt-BR","@id":"https:\/\/www.sea-international.com\/pt\/#\/schema\/logo\/image\/","url":"https:\/\/www.sea-international.com\/pt\/wp-content\/uploads\/sites\/7\/2020\/04\/logo-sea-international-04.png","contentUrl":"https:\/\/www.sea-international.com\/pt\/wp-content\/uploads\/sites\/7\/2020\/04\/logo-sea-international-04.png","width":298,"height":58,"caption":"Sea International"},"image":{"@id":"https:\/\/www.sea-international.com\/pt\/#\/schema\/logo\/image\/"},"sameAs":["https:\/\/www.facebook.com\/seainternational\/","https:\/\/x.com\/SEAINTLATAM","https:\/\/twitter.com\/SEAINTLATAM","https:\/\/www.linkedin.com\/company\/seainternational\/","https:\/\/www.youtube.com\/user\/seaconz"]}]}},"_links":{"self":[{"href":"https:\/\/www.sea-international.com\/pt\/wp-json\/wp\/v2\/pages\/3355","targetHints":{"allow":["GET"]}}],"collection":[{"href":"https:\/\/www.sea-international.com\/pt\/wp-json\/wp\/v2\/pages"}],"about":[{"href":"https:\/\/www.sea-international.com\/pt\/wp-json\/wp\/v2\/types\/page"}],"author":[{"embeddable":true,"href":"https:\/\/www.sea-international.com\/pt\/wp-json\/wp\/v2\/users\/3"}],"replies":[{"embeddable":true,"href":"https:\/\/www.sea-international.com\/pt\/wp-json\/wp\/v2\/comments?post=3355"}],"version-history":[{"count":5,"href":"https:\/\/www.sea-international.com\/pt\/wp-json\/wp\/v2\/pages\/3355\/revisions"}],"predecessor-version":[{"id":4611,"href":"https:\/\/www.sea-international.com\/pt\/wp-json\/wp\/v2\/pages\/3355\/revisions\/4611"}],"wp:featuredmedia":[{"embeddable":true,"href":"https:\/\/www.sea-international.com\/pt\/wp-json\/wp\/v2\/media\/3505"}],"wp:attachment":[{"href":"https:\/\/www.sea-international.com\/pt\/wp-json\/wp\/v2\/media?parent=3355"}],"curies":[{"name":"wp","href":"https:\/\/api.w.org\/{rel}","templated":true}]}}