{"id":4220,"date":"2021-09-27T17:26:52","date_gmt":"2021-09-27T05:26:52","guid":{"rendered":"https:\/\/www.sea-international.com\/pt\/?page_id=4220"},"modified":"2021-09-27T18:49:10","modified_gmt":"2021-09-27T06:49:10","slug":"sea-ondemand","status":"publish","type":"page","link":"https:\/\/www.sea-international.com\/pt\/sea-ondemand\/","title":{"rendered":"SEA OnDemand"},"content":{"rendered":"\t\t<div data-elementor-type=\"wp-page\" data-elementor-id=\"4220\" class=\"elementor elementor-4220\" data-elementor-settings=\"{&quot;ha_cmc_init_switcher&quot;:&quot;no&quot;}\" data-elementor-post-type=\"page\">\n\t\t\t\t\t\t<section class=\"elementor-section elementor-top-section elementor-element elementor-element-5c8e9a66 elementor-section-content-middle elementor-section-height-min-height elementor-section-boxed elementor-section-height-default elementor-section-items-middle\" data-id=\"5c8e9a66\" data-element_type=\"section\" data-settings=\"{&quot;background_background&quot;:&quot;classic&quot;,&quot;_ha_eqh_enable&quot;:false}\">\n\t\t\t\t\t\t<div class=\"elementor-container elementor-column-gap-no\">\n\t\t\t\t\t<div class=\"elementor-column elementor-col-100 elementor-top-column elementor-element elementor-element-6f421ee\" data-id=\"6f421ee\" data-element_type=\"column\">\n\t\t\t<div class=\"elementor-widget-wrap elementor-element-populated\">\n\t\t\t\t\t\t<div class=\"elementor-element elementor-element-7cfa0548 elementor-widget elementor-widget-text-editor\" data-id=\"7cfa0548\" data-element_type=\"widget\" data-widget_type=\"text-editor.default\">\n\t\t\t\t<div class=\"elementor-widget-container\">\n\t\t\t\t\t\t\t\t\t<h1>SEA OnDemand<\/h1><p>Recursos online da Nova Zel\u00e2ndia<\/p>\t\t\t\t\t\t\t\t<\/div>\n\t\t\t\t<\/div>\n\t\t\t\t\t<\/div>\n\t\t<\/div>\n\t\t\t\t\t<\/div>\n\t\t<\/section>\n\t\t\t\t<section class=\"elementor-section elementor-top-section elementor-element elementor-element-50f79fa elementor-section-full_width elementor-section-stretched elementor-section-height-default elementor-section-height-default\" data-id=\"50f79fa\" data-element_type=\"section\" data-settings=\"{&quot;stretch_section&quot;:&quot;section-stretched&quot;,&quot;_ha_eqh_enable&quot;:false}\">\n\t\t\t\t\t\t<div class=\"elementor-container elementor-column-gap-default\">\n\t\t\t\t\t<div class=\"elementor-column elementor-col-100 elementor-top-column elementor-element elementor-element-4639f554\" data-id=\"4639f554\" data-element_type=\"column\">\n\t\t\t<div class=\"elementor-widget-wrap\">\n\t\t\t\t\t\t\t<\/div>\n\t\t<\/div>\n\t\t\t\t\t<\/div>\n\t\t<\/section>\n\t\t\t\t<section class=\"elementor-section elementor-top-section elementor-element elementor-element-62d21c9a elementor-section-boxed elementor-section-height-default elementor-section-height-default\" data-id=\"62d21c9a\" data-element_type=\"section\" data-settings=\"{&quot;_ha_eqh_enable&quot;:false}\">\n\t\t\t\t\t\t<div class=\"elementor-container elementor-column-gap-default\">\n\t\t\t\t\t<div class=\"elementor-column elementor-col-100 elementor-top-column elementor-element elementor-element-33c27983\" data-id=\"33c27983\" data-element_type=\"column\">\n\t\t\t<div class=\"elementor-widget-wrap elementor-element-populated\">\n\t\t\t\t\t\t<div class=\"elementor-element elementor-element-2e2f03e6 elementor-widget-divider--view-line elementor-widget elementor-widget-divider\" data-id=\"2e2f03e6\" data-element_type=\"widget\" data-widget_type=\"divider.default\">\n\t\t\t\t<div class=\"elementor-widget-container\">\n\t\t\t\t\t\t\t<div class=\"elementor-divider\">\n\t\t\t<span class=\"elementor-divider-separator\">\n\t\t\t\t\t\t<\/span>\n\t\t<\/div>\n\t\t\t\t\t\t<\/div>\n\t\t\t\t<\/div>\n\t\t\t\t\t<\/div>\n\t\t<\/div>\n\t\t\t\t\t<\/div>\n\t\t<\/section>\n\t\t\t\t<section class=\"elementor-section elementor-top-section elementor-element elementor-element-61b5d01c elementor-section-height-min-height elementor-reverse-tablet elementor-reverse-mobile elementor-section-boxed elementor-section-height-default elementor-section-items-middle\" data-id=\"61b5d01c\" data-element_type=\"section\" data-settings=\"{&quot;_ha_eqh_enable&quot;:false}\">\n\t\t\t\t\t\t<div class=\"elementor-container elementor-column-gap-default\">\n\t\t\t\t\t<div class=\"elementor-column elementor-col-50 elementor-top-column elementor-element elementor-element-494a505e\" data-id=\"494a505e\" data-element_type=\"column\">\n\t\t\t<div class=\"elementor-widget-wrap elementor-element-populated\">\n\t\t\t\t\t\t<div class=\"elementor-element elementor-element-5aed89ef elementor-widget elementor-widget-html\" data-id=\"5aed89ef\" data-element_type=\"widget\" data-widget_type=\"html.default\">\n\t\t\t\t<div class=\"elementor-widget-container\">\n\t\t\t\t\t<div class=\"forminator-ui forminator-custom-form forminator-custom-form-4226 forminator-design--flat  forminator_ajax\" data-forminator-render=\"0\" data-form=\"forminator-module-4226\" data-uid=\"69fcc36fced52\"><br\/><\/div><form\n\t\t\t\tid=\"forminator-module-4226\"\n\t\t\t\tclass=\"forminator-ui forminator-custom-form forminator-custom-form-4226 forminator-design--flat  forminator_ajax\"\n\t\t\t\tmethod=\"post\"\n\t\t\t\tdata-forminator-render=\"0\"\n\t\t\t\tdata-form-id=\"4226\"\n\t\t\t\t data-color-option=\"default\" data-design=\"flat\" data-grid=\"open\" style=\"display: none;\"\n\t\t\t\tdata-uid=\"69fcc36fced52\"\n\t\t\t><div role=\"alert\" aria-live=\"polite\" class=\"forminator-response-message forminator-error\" aria-hidden=\"true\"><\/div><div class=\"forminator-row\"><div id=\"name-1\" class=\"forminator-field-name forminator-col forminator-col-6 \"><div class=\"forminator-field\"><label for=\"forminator-field-name-1_69fcc36fced52\" id=\"forminator-field-name-1_69fcc36fced52-label\" class=\"forminator-label\">Nome completo <span class=\"forminator-required\">*<\/span><\/label><input type=\"text\" name=\"name-1\" value=\"\" placeholder=\"\" id=\"forminator-field-name-1_69fcc36fced52\" class=\"forminator-input forminator-name--field\" aria-required=\"true\" autocomplete=\"name\" \/><\/div><\/div><div id=\"phone-1\" class=\"forminator-field-phone forminator-col forminator-col-6 \"><div class=\"forminator-field\"><label for=\"forminator-field-phone-1_69fcc36fced52\" id=\"forminator-field-phone-1_69fcc36fced52-label\" class=\"forminator-label\">Telefone <span class=\"forminator-required\">*<\/span><\/label><input type=\"text\" name=\"phone-1\" value=\"\" placeholder=\"\" id=\"forminator-field-phone-1_69fcc36fced52\" class=\"forminator-input forminator-field--phone\" data-required=\"1\" aria-required=\"true\" autocomplete=\"off\" aria-describedby=\"forminator-field-phone-1_69fcc36fced52-description\" \/><span id=\"forminator-field-phone-1_69fcc36fced52-description\" class=\"forminator-description\" id=\"forminator-field-phone-1_69fcc36fced52-description\">Inclua o c\u00f3digo do seu pa\u00eds (ex: +55)<\/span><\/div><\/div><\/div><div class=\"forminator-row\"><div id=\"email-1\" class=\"forminator-field-email forminator-col forminator-col-12 \"><div class=\"forminator-field\"><label for=\"forminator-field-email-1_69fcc36fced52\" id=\"forminator-field-email-1_69fcc36fced52-label\" class=\"forminator-label\">Email <span class=\"forminator-required\">*<\/span><\/label><input type=\"email\" name=\"email-1\" value=\"\" placeholder=\"\" id=\"forminator-field-email-1_69fcc36fced52\" class=\"forminator-input forminator-email--field\" data-required=\"1\" aria-required=\"true\" autocomplete=\"email\" aria-describedby=\"forminator-field-email-1_69fcc36fced52-description\" \/><span id=\"forminator-field-email-1_69fcc36fced52-description\" class=\"forminator-description\">Adicione um email do GMAIL<\/span><\/div><\/div><\/div><div class=\"forminator-row\"><div id=\"text-1\" class=\"forminator-field-text forminator-col forminator-col-6 \"><div class=\"forminator-field\"><label for=\"forminator-field-text-1_69fcc36fced52\" id=\"forminator-field-text-1_69fcc36fced52-label\" class=\"forminator-label\">Nacionalidade <span class=\"forminator-required\">*<\/span><\/label><input type=\"text\" name=\"text-1\" value=\"\" placeholder=\"\" id=\"forminator-field-text-1_69fcc36fced52\" class=\"forminator-input forminator-name--field\" data-required=\"1\" \/><\/div><\/div><div id=\"text-2\" class=\"forminator-field-text forminator-col forminator-col-6 \"><div class=\"forminator-field\"><label for=\"forminator-field-text-2_69fcc36fced52\" id=\"forminator-field-text-2_69fcc36fced52-label\" class=\"forminator-label\">Pa\u00eds de resid\u00eancia <span class=\"forminator-required\">*<\/span><\/label><input type=\"text\" name=\"text-2\" value=\"\" placeholder=\"\" id=\"forminator-field-text-2_69fcc36fced52\" class=\"forminator-input forminator-name--field\" data-required=\"1\" \/><\/div><\/div><\/div><div class=\"forminator-row\"><div id=\"section-1\" class=\"forminator-field-section forminator-col forminator-col-12 \"><div class=\"forminator-field\"><h2 class=\"forminator-title\">Adquira seu conte\u00fado<\/h2><h3 class=\"forminator-subtitle\">O custo de cada webinar \u00e9 de $ 7 NZD<\/h3><\/div><\/div><\/div><div class=\"forminator-row\"><div id=\"select-1\" class=\"forminator-field-select forminator-col forminator-col-6 \"><div class=\"forminator-field\"><label for=\"forminator-form-4226__field--select-1_69fcc36fced52\" id=\"forminator-form-4226__field--select-1_69fcc36fced52-label\" class=\"forminator-label\">Escolha o evento <span class=\"forminator-required\">*<\/span><\/label><select  id=\"forminator-form-4226__field--select-1_69fcc36fced52\" class=\"forminator-select--field forminator-select2 forminator-select2-multiple\" data-required=\"1\" name=\"select-1\" data-default-value=\"\" data-placeholder=\"Selecionar\" data-search=\"false\" data-search-placeholder=\"Selecionar\" data-checkbox=\"false\" data-allow-clear=\"false\" aria-labelledby=\"forminator-form-4226__field--select-1_69fcc36fced52-label\" aria-describedby=\"forminator-form-4226__field--select-1_69fcc36fced52-description\"><option value=\"\"  >Selecionar<\/option><option value=\"work-visa-nova-zel\u00e2ndia-im-poss\u00edvel\"  data-calculation=\"0\">Work Visa Nova Zel\u00e2ndia. Im\/poss\u00edvel<\/option><\/select><span id=\"forminator-form-4226__field--select-1_69fcc36fced52-description\" class=\"forminator-description\">Selecione o evento que deseja acessar, voc\u00ea s\u00f3 pode selecionar um de cada vez<\/span><\/div><\/div><div id=\"stripe-1\" class=\"forminator-field-stripe forminator-col forminator-col-6 \"><div class=\"forminator-field\"><label for=\"stripe-1-field\" id=\"stripe-1-field-label\" class=\"forminator-label\">Pagamento <span class=\"forminator-required\">*<\/span><\/label><div id=\"card-element-69fcc36fced52\" data-field-id=\"69fcc36fced52\" data-is-payment=\"true\" data-payment-type=\"stripe\" data-is-ocs=\"\" data-secret=\"\" data-paymentid=\"\" data-currency=\"nzd\" data-key=\"pk_live_wNg4xVwkwg9XrDaYuit9IdSK\" data-card-icon=\"1\" data-veify-zip=\"\" data-zip-field=\"\" data-language=\"auto\" data-base-class=\"StripeElement\" data-complete-class=\"StripeElement--complete\" data-empty-class=\"StripeElement--empty\" data-focused-class=\"StripeElement--focus\" data-invalid-class=\"StripeElement--invalid\" data-autofilled-class=\"StripeElement--webkit-autofill\" data-billing=\"\" data-billing-name=\"\" data-billing-email=\"\" data-billing-address=\"\" data-receipt=\"\" data-receipt-email=\"\" data-custom-fonts=\"\" data-placeholder=\"#888888\" data-font-color=\"#000000\" data-font-color-focus=\"#000000\" data-font-color-error=\"#000000\" data-font-size=\"16px\" data-font-family=\"inherit\" data-font-weight=\"400\" data-icon-color=\"#777771\" data-icon-color-hover=\"#097BAA\" data-icon-color-focus=\"#097BAA\" data-icon-color-error=\"#E51919\" class=\"forminator-stripe-element\"><\/div><input type=\"hidden\" name=\"paymentid\" value=\"\" id=\"forminator-stripe-paymentid\"\/><input type=\"hidden\" name=\"paymentmethod\" value=\"\" id=\"forminator-stripe-paymentmethod\"\/><input type=\"hidden\" name=\"subscriptionid\" value=\"\" id=\"forminator-stripe-subscriptionid\"\/><span class=\"forminator-card-message\"><span class=\"forminator-error-message\" aria-hidden=\"true\"><\/span><\/span><\/div><\/div><\/div><input type=\"hidden\" name=\"referer_url\" value=\"\" \/><div class=\"forminator-row forminator-row-last\"><div class=\"forminator-col\"><div class=\"forminator-field\"><button class=\"forminator-button forminator-button-submit\">Pago<\/button><\/div><\/div><\/div><input type=\"hidden\" id=\"forminator_nonce\" name=\"forminator_nonce\" value=\"f5eacbe129\" \/><input type=\"hidden\" name=\"_wp_http_referer\" value=\"\/pt\/wp-json\/wp\/v2\/pages\/4220\" \/><input type=\"hidden\" name=\"form_id\" value=\"4226\"><input type=\"hidden\" name=\"page_id\" value=\"4220\"><input type=\"hidden\" name=\"form_type\" value=\"default\"><input type=\"hidden\" name=\"current_url\" value=\"https:\/\/www.sea-international.com\/pt\/sea-ondemand\/\"><input type=\"hidden\" name=\"render_id\" value=\"0\"><input type=\"hidden\" name=\"action\" value=\"forminator_submit_form_custom-forms\"><\/form>\t\t\t\t<\/div>\n\t\t\t\t<\/div>\n\t\t\t\t\t<\/div>\n\t\t<\/div>\n\t\t\t\t<div class=\"elementor-column elementor-col-50 elementor-top-column elementor-element elementor-element-70264357\" data-id=\"70264357\" data-element_type=\"column\">\n\t\t\t<div class=\"elementor-widget-wrap elementor-element-populated\">\n\t\t\t\t\t\t<div class=\"elementor-element elementor-element-4f1e0603 elementor-widget elementor-widget-heading\" data-id=\"4f1e0603\" data-element_type=\"widget\" data-widget_type=\"heading.default\">\n\t\t\t\t<div class=\"elementor-widget-container\">\n\t\t\t\t\t<h3 class=\"elementor-heading-title elementor-size-default\"><b>Acesse conte\u00fados exclusivos sobre a Nova Zel\u00e2ndia Online\n<\/b><\/h3>\t\t\t\t<\/div>\n\t\t\t\t<\/div>\n\t\t\t\t<div class=\"elementor-element elementor-element-7f8f523a elementor-widget elementor-widget-text-editor\" data-id=\"7f8f523a\" data-element_type=\"widget\" data-widget_type=\"text-editor.default\">\n\t\t\t\t<div class=\"elementor-widget-container\">\n\t\t\t\t\t\t\t\t\t<p>Fa\u00e7a o pagamento e lembre-se de incluir<b> um e-mail GMAIL <\/b>para que possamos lhe dar acesso ao nosso conte\u00fado.<\/p><p>Assim que seu pagamento for verificado, voc\u00ea receber\u00e1 um e-mail com o link para acesso e poder\u00e1 usufruir de todas as informa\u00e7\u00f5es<b> por 7 dias.<\/b><\/p><p>Voc\u00ea pode escolher o conte\u00fado de sua prefer\u00eancia, incluiremos regularmente novos materiais para voc\u00ea sobre <b>vistos de trabalho na Nova Zel\u00e2ndia, migra\u00e7\u00e3o para a Nova Zel\u00e2ndia em fam\u00edlia<\/b> e como profissional qualificado e muito mais.<\/p>\t\t\t\t\t\t\t\t<\/div>\n\t\t\t\t<\/div>\n\t\t\t\t\t<\/div>\n\t\t<\/div>\n\t\t\t\t\t<\/div>\n\t\t<\/section>\n\t\t\t\t<\/div>\n\t\t","protected":false},"excerpt":{"rendered":"<p>SEA OnDemand Recursos online da Nova Zel\u00e2ndia Acesse conte\u00fados exclusivos sobre a Nova Zel\u00e2ndia Online Fa\u00e7a o pagamento e lembre-se de incluir um e-mail GMAIL para que possamos lhe dar acesso ao nosso conte\u00fado. Assim que seu pagamento for verificado, voc\u00ea receber\u00e1 um e-mail com o link para acesso e poder\u00e1 usufruir de todas as [&hellip;]<\/p>\n","protected":false},"author":3,"featured_media":0,"parent":0,"menu_order":0,"comment_status":"closed","ping_status":"closed","template":"","meta":{"_acf_changed":false,"footnotes":""},"class_list":["post-4220","page","type-page","status-publish","hentry"],"acf":[],"yoast_head":"<!-- This site is optimized with the Yoast SEO Premium plugin v20.5 (Yoast SEO v26.4) - https:\/\/yoast.com\/wordpress\/plugins\/seo\/ -->\n<title>SEA OnDemand - SEA INTERNATIONAL<\/title>\n<meta name=\"robots\" content=\"index, follow, max-snippet:-1, max-image-preview:large, max-video-preview:-1\" \/>\n<link rel=\"canonical\" href=\"https:\/\/www.sea-international.com\/pt\/sea-ondemand\/\" \/>\n<meta property=\"og:locale\" content=\"pt_BR\" \/>\n<meta property=\"og:type\" content=\"article\" \/>\n<meta property=\"og:title\" content=\"SEA OnDemand\" \/>\n<meta property=\"og:description\" content=\"SEA OnDemand Recursos online da Nova Zel\u00e2ndia Acesse conte\u00fados exclusivos sobre a Nova Zel\u00e2ndia Online Fa\u00e7a o pagamento e lembre-se de incluir um e-mail GMAIL para que possamos lhe dar acesso ao nosso conte\u00fado. Assim que seu pagamento for verificado, voc\u00ea receber\u00e1 um e-mail com o link para acesso e poder\u00e1 usufruir de todas as [&hellip;]\" \/>\n<meta property=\"og:url\" content=\"https:\/\/www.sea-international.com\/pt\/sea-ondemand\/\" \/>\n<meta property=\"og:site_name\" content=\"SEA INTERNATIONAL\" \/>\n<meta property=\"article:publisher\" content=\"https:\/\/www.facebook.com\/seainternational\/\" \/>\n<meta property=\"article:modified_time\" content=\"2021-09-27T06:49:10+00:00\" \/>\n<meta property=\"og:image\" content=\"https:\/\/www.sea-international.com\/pt\/wp-content\/uploads\/sites\/7\/2020\/10\/SEO_SEA-05.jpg\" \/>\n\t<meta property=\"og:image:width\" content=\"800\" \/>\n\t<meta property=\"og:image:height\" content=\"600\" \/>\n\t<meta property=\"og:image:type\" content=\"image\/jpeg\" \/>\n<meta name=\"twitter:card\" content=\"summary_large_image\" \/>\n<meta name=\"twitter:site\" content=\"@SEAINTLATAM\" \/>\n<meta name=\"twitter:label1\" content=\"Est. tempo de leitura\" \/>\n\t<meta name=\"twitter:data1\" content=\"1 minuto\" \/>\n<script type=\"application\/ld+json\" class=\"yoast-schema-graph\">{\"@context\":\"https:\/\/schema.org\",\"@graph\":[{\"@type\":\"WebPage\",\"@id\":\"https:\/\/www.sea-international.com\/pt\/sea-ondemand\/\",\"url\":\"https:\/\/www.sea-international.com\/pt\/sea-ondemand\/\",\"name\":\"SEA OnDemand - SEA INTERNATIONAL\",\"isPartOf\":{\"@id\":\"https:\/\/www.sea-international.com\/pt\/#website\"},\"datePublished\":\"2021-09-27T05:26:52+00:00\",\"dateModified\":\"2021-09-27T06:49:10+00:00\",\"breadcrumb\":{\"@id\":\"https:\/\/www.sea-international.com\/pt\/sea-ondemand\/#breadcrumb\"},\"inLanguage\":\"pt-BR\",\"potentialAction\":[{\"@type\":\"ReadAction\",\"target\":[\"https:\/\/www.sea-international.com\/pt\/sea-ondemand\/\"]}]},{\"@type\":\"BreadcrumbList\",\"@id\":\"https:\/\/www.sea-international.com\/pt\/sea-ondemand\/#breadcrumb\",\"itemListElement\":[{\"@type\":\"ListItem\",\"position\":1,\"name\":\"Portada\",\"item\":\"https:\/\/www.sea-international.com\/pt\/\"},{\"@type\":\"ListItem\",\"position\":2,\"name\":\"SEA OnDemand\"}]},{\"@type\":\"WebSite\",\"@id\":\"https:\/\/www.sea-international.com\/pt\/#website\",\"url\":\"https:\/\/www.sea-international.com\/pt\/\",\"name\":\"SEA INTERNATIONAL\",\"description\":\"Immigration and education services\",\"publisher\":{\"@id\":\"https:\/\/www.sea-international.com\/pt\/#organization\"},\"potentialAction\":[{\"@type\":\"SearchAction\",\"target\":{\"@type\":\"EntryPoint\",\"urlTemplate\":\"https:\/\/www.sea-international.com\/pt\/?s={search_term_string}\"},\"query-input\":{\"@type\":\"PropertyValueSpecification\",\"valueRequired\":true,\"valueName\":\"search_term_string\"}}],\"inLanguage\":\"pt-BR\"},{\"@type\":\"Organization\",\"@id\":\"https:\/\/www.sea-international.com\/pt\/#organization\",\"name\":\"Sea International\",\"url\":\"https:\/\/www.sea-international.com\/pt\/\",\"logo\":{\"@type\":\"ImageObject\",\"inLanguage\":\"pt-BR\",\"@id\":\"https:\/\/www.sea-international.com\/pt\/#\/schema\/logo\/image\/\",\"url\":\"https:\/\/www.sea-international.com\/pt\/wp-content\/uploads\/sites\/7\/2020\/04\/logo-sea-international-04.png\",\"contentUrl\":\"https:\/\/www.sea-international.com\/pt\/wp-content\/uploads\/sites\/7\/2020\/04\/logo-sea-international-04.png\",\"width\":298,\"height\":58,\"caption\":\"Sea International\"},\"image\":{\"@id\":\"https:\/\/www.sea-international.com\/pt\/#\/schema\/logo\/image\/\"},\"sameAs\":[\"https:\/\/www.facebook.com\/seainternational\/\",\"https:\/\/x.com\/SEAINTLATAM\",\"https:\/\/twitter.com\/SEAINTLATAM\",\"https:\/\/www.linkedin.com\/company\/seainternational\/\",\"https:\/\/www.youtube.com\/user\/seaconz\"]}]}<\/script>\n<!-- \/ Yoast SEO Premium plugin. -->","yoast_head_json":{"title":"SEA OnDemand - SEA INTERNATIONAL","robots":{"index":"index","follow":"follow","max-snippet":"max-snippet:-1","max-image-preview":"max-image-preview:large","max-video-preview":"max-video-preview:-1"},"canonical":"https:\/\/www.sea-international.com\/pt\/sea-ondemand\/","og_locale":"pt_BR","og_type":"article","og_title":"SEA OnDemand","og_description":"SEA OnDemand Recursos online da Nova Zel\u00e2ndia Acesse conte\u00fados exclusivos sobre a Nova Zel\u00e2ndia Online Fa\u00e7a o pagamento e lembre-se de incluir um e-mail GMAIL para que possamos lhe dar acesso ao nosso conte\u00fado. Assim que seu pagamento for verificado, voc\u00ea receber\u00e1 um e-mail com o link para acesso e poder\u00e1 usufruir de todas as [&hellip;]","og_url":"https:\/\/www.sea-international.com\/pt\/sea-ondemand\/","og_site_name":"SEA INTERNATIONAL","article_publisher":"https:\/\/www.facebook.com\/seainternational\/","article_modified_time":"2021-09-27T06:49:10+00:00","og_image":[{"width":800,"height":600,"url":"https:\/\/www.sea-international.com\/pt\/wp-content\/uploads\/sites\/7\/2020\/10\/SEO_SEA-05.jpg","type":"image\/jpeg"}],"twitter_card":"summary_large_image","twitter_site":"@SEAINTLATAM","twitter_misc":{"Est. tempo de leitura":"1 minuto"},"schema":{"@context":"https:\/\/schema.org","@graph":[{"@type":"WebPage","@id":"https:\/\/www.sea-international.com\/pt\/sea-ondemand\/","url":"https:\/\/www.sea-international.com\/pt\/sea-ondemand\/","name":"SEA OnDemand - SEA INTERNATIONAL","isPartOf":{"@id":"https:\/\/www.sea-international.com\/pt\/#website"},"datePublished":"2021-09-27T05:26:52+00:00","dateModified":"2021-09-27T06:49:10+00:00","breadcrumb":{"@id":"https:\/\/www.sea-international.com\/pt\/sea-ondemand\/#breadcrumb"},"inLanguage":"pt-BR","potentialAction":[{"@type":"ReadAction","target":["https:\/\/www.sea-international.com\/pt\/sea-ondemand\/"]}]},{"@type":"BreadcrumbList","@id":"https:\/\/www.sea-international.com\/pt\/sea-ondemand\/#breadcrumb","itemListElement":[{"@type":"ListItem","position":1,"name":"Portada","item":"https:\/\/www.sea-international.com\/pt\/"},{"@type":"ListItem","position":2,"name":"SEA OnDemand"}]},{"@type":"WebSite","@id":"https:\/\/www.sea-international.com\/pt\/#website","url":"https:\/\/www.sea-international.com\/pt\/","name":"SEA INTERNATIONAL","description":"Immigration and education services","publisher":{"@id":"https:\/\/www.sea-international.com\/pt\/#organization"},"potentialAction":[{"@type":"SearchAction","target":{"@type":"EntryPoint","urlTemplate":"https:\/\/www.sea-international.com\/pt\/?s={search_term_string}"},"query-input":{"@type":"PropertyValueSpecification","valueRequired":true,"valueName":"search_term_string"}}],"inLanguage":"pt-BR"},{"@type":"Organization","@id":"https:\/\/www.sea-international.com\/pt\/#organization","name":"Sea International","url":"https:\/\/www.sea-international.com\/pt\/","logo":{"@type":"ImageObject","inLanguage":"pt-BR","@id":"https:\/\/www.sea-international.com\/pt\/#\/schema\/logo\/image\/","url":"https:\/\/www.sea-international.com\/pt\/wp-content\/uploads\/sites\/7\/2020\/04\/logo-sea-international-04.png","contentUrl":"https:\/\/www.sea-international.com\/pt\/wp-content\/uploads\/sites\/7\/2020\/04\/logo-sea-international-04.png","width":298,"height":58,"caption":"Sea International"},"image":{"@id":"https:\/\/www.sea-international.com\/pt\/#\/schema\/logo\/image\/"},"sameAs":["https:\/\/www.facebook.com\/seainternational\/","https:\/\/x.com\/SEAINTLATAM","https:\/\/twitter.com\/SEAINTLATAM","https:\/\/www.linkedin.com\/company\/seainternational\/","https:\/\/www.youtube.com\/user\/seaconz"]}]}},"_links":{"self":[{"href":"https:\/\/www.sea-international.com\/pt\/wp-json\/wp\/v2\/pages\/4220","targetHints":{"allow":["GET"]}}],"collection":[{"href":"https:\/\/www.sea-international.com\/pt\/wp-json\/wp\/v2\/pages"}],"about":[{"href":"https:\/\/www.sea-international.com\/pt\/wp-json\/wp\/v2\/types\/page"}],"author":[{"embeddable":true,"href":"https:\/\/www.sea-international.com\/pt\/wp-json\/wp\/v2\/users\/3"}],"replies":[{"embeddable":true,"href":"https:\/\/www.sea-international.com\/pt\/wp-json\/wp\/v2\/comments?post=4220"}],"version-history":[{"count":4,"href":"https:\/\/www.sea-international.com\/pt\/wp-json\/wp\/v2\/pages\/4220\/revisions"}],"predecessor-version":[{"id":4229,"href":"https:\/\/www.sea-international.com\/pt\/wp-json\/wp\/v2\/pages\/4220\/revisions\/4229"}],"wp:attachment":[{"href":"https:\/\/www.sea-international.com\/pt\/wp-json\/wp\/v2\/media?parent=4220"}],"curies":[{"name":"wp","href":"https:\/\/api.w.org\/{rel}","templated":true}]}}