{"id":632,"date":"2020-05-06T10:56:54","date_gmt":"2020-05-05T22:56:54","guid":{"rendered":"https:\/\/ibd.lau.mybluehost.me\/?page_id=632"},"modified":"2023-02-27T08:03:55","modified_gmt":"2023-02-26T20:03:55","slug":"beneficios","status":"publish","type":"page","link":"https:\/\/www.sea-international.com\/pt\/beneficios\/","title":{"rendered":"Benef\u00edcios"},"content":{"rendered":"\t\t<div data-elementor-type=\"wp-page\" data-elementor-id=\"632\" class=\"elementor elementor-632\" data-elementor-settings=\"{&quot;ha_cmc_init_switcher&quot;:&quot;no&quot;}\" data-elementor-post-type=\"page\">\n\t\t\t\t\t\t<section class=\"elementor-section elementor-top-section elementor-element elementor-element-1194f74 elementor-section-boxed elementor-section-height-default elementor-section-height-default\" data-id=\"1194f74\" data-element_type=\"section\" data-settings=\"{&quot;background_background&quot;:&quot;classic&quot;,&quot;_ha_eqh_enable&quot;:false}\">\n\t\t\t\t\t\t\t<div class=\"elementor-background-overlay\"><\/div>\n\t\t\t\t\t\t\t<div class=\"elementor-container elementor-column-gap-default\">\n\t\t\t\t\t<div class=\"elementor-column elementor-col-100 elementor-top-column elementor-element elementor-element-bf39394\" data-id=\"bf39394\" data-element_type=\"column\" data-settings=\"{&quot;motion_fx_motion_fx_scrolling&quot;:&quot;yes&quot;,&quot;motion_fx_translateY_effect&quot;:&quot;yes&quot;,&quot;motion_fx_translateY_speed&quot;:{&quot;unit&quot;:&quot;px&quot;,&quot;size&quot;:2,&quot;sizes&quot;:[]},&quot;motion_fx_translateY_affectedRange&quot;:{&quot;unit&quot;:&quot;%&quot;,&quot;size&quot;:&quot;&quot;,&quot;sizes&quot;:{&quot;start&quot;:11,&quot;end&quot;:82}},&quot;motion_fx_devices&quot;:[&quot;desktop&quot;,&quot;tablet&quot;,&quot;mobile&quot;]}\">\n\t\t\t<div class=\"elementor-widget-wrap elementor-element-populated\">\n\t\t\t\t\t\t<div class=\"elementor-element elementor-element-ba5411e elementor-invisible elementor-widget elementor-widget-heading\" data-id=\"ba5411e\" data-element_type=\"widget\" data-settings=\"{&quot;_animation&quot;:&quot;fadeIn&quot;}\" data-widget_type=\"heading.default\">\n\t\t\t\t<div class=\"elementor-widget-container\">\n\t\t\t\t\t<h1 class=\"elementor-heading-title elementor-size-default\">PROGRAMA DE BENEF\u00cdCIOS<\/h1>\t\t\t\t<\/div>\n\t\t\t\t<\/div>\n\t\t\t\t<div class=\"elementor-element elementor-element-dad23c1 elementor-widget-divider--view-line elementor-invisible elementor-widget elementor-widget-divider\" data-id=\"dad23c1\" data-element_type=\"widget\" data-settings=\"{&quot;_animation&quot;:&quot;fadeIn&quot;,&quot;_animation_delay&quot;:100}\" data-widget_type=\"divider.default\">\n\t\t\t\t<div class=\"elementor-widget-container\">\n\t\t\t\t\t\t\t<div class=\"elementor-divider\">\n\t\t\t<span class=\"elementor-divider-separator\">\n\t\t\t\t\t\t<\/span>\n\t\t<\/div>\n\t\t\t\t\t\t<\/div>\n\t\t\t\t<\/div>\n\t\t\t\t<div class=\"elementor-element elementor-element-f2036f0 animated-fast elementor-invisible elementor-widget elementor-widget-heading\" data-id=\"f2036f0\" data-element_type=\"widget\" data-settings=\"{&quot;_animation&quot;:&quot;fadeInUp&quot;}\" data-widget_type=\"heading.default\">\n\t\t\t\t<div class=\"elementor-widget-container\">\n\t\t\t\t\t<h2 class=\"elementor-heading-title elementor-size-default\">SEAmigos<\/h2>\t\t\t\t<\/div>\n\t\t\t\t<\/div>\n\t\t\t\t\t<\/div>\n\t\t<\/div>\n\t\t\t\t\t<\/div>\n\t\t<\/section>\n\t\t\t\t<section class=\"elementor-section elementor-top-section elementor-element elementor-element-a1141f4 elementor-section-full_width elementor-section-height-min-height elementor-section-height-default elementor-section-items-middle\" data-id=\"a1141f4\" data-element_type=\"section\" data-settings=\"{&quot;background_background&quot;:&quot;classic&quot;,&quot;_ha_eqh_enable&quot;:false}\">\n\t\t\t\t\t\t\t<div class=\"elementor-background-overlay\"><\/div>\n\t\t\t\t\t\t\t<div class=\"elementor-container elementor-column-gap-wide\">\n\t\t\t\t\t<div class=\"elementor-column elementor-col-100 elementor-top-column elementor-element elementor-element-8d0301f\" data-id=\"8d0301f\" data-element_type=\"column\">\n\t\t\t<div class=\"elementor-widget-wrap elementor-element-populated\">\n\t\t\t\t\t\t<section class=\"elementor-section elementor-inner-section elementor-element elementor-element-bd4eb9e elementor-section-full_width elementor-section-height-default elementor-section-height-default\" data-id=\"bd4eb9e\" data-element_type=\"section\" data-settings=\"{&quot;_ha_eqh_enable&quot;:false}\">\n\t\t\t\t\t\t<div class=\"elementor-container elementor-column-gap-default\">\n\t\t\t\t\t<div class=\"elementor-column elementor-col-50 elementor-inner-column elementor-element elementor-element-addc829\" data-id=\"addc829\" data-element_type=\"column\">\n\t\t\t<div class=\"elementor-widget-wrap elementor-element-populated\">\n\t\t\t\t\t\t<div class=\"elementor-element elementor-element-6a7c41d elementor-widget elementor-widget-heading\" data-id=\"6a7c41d\" data-element_type=\"widget\" data-widget_type=\"heading.default\">\n\t\t\t\t<div class=\"elementor-widget-container\">\n\t\t\t\t\t<h3 class=\"elementor-heading-title elementor-size-default\"><b>Indique seus amigos e ganhe!<\/b><\/h3>\t\t\t\t<\/div>\n\t\t\t\t<\/div>\n\t\t\t\t<div class=\"elementor-element elementor-element-d6ba71f elementor-widget elementor-widget-heading\" data-id=\"d6ba71f\" data-element_type=\"widget\" data-widget_type=\"heading.default\">\n\t\t\t\t<div class=\"elementor-widget-container\">\n\t\t\t\t\t<h4 class=\"elementor-heading-title elementor-size-default\"><b>$50 NZD<\/b><\/h4>\t\t\t\t<\/div>\n\t\t\t\t<\/div>\n\t\t\t\t<div class=\"elementor-element elementor-element-32834ec elementor-widget elementor-widget-text-editor\" data-id=\"32834ec\" data-element_type=\"widget\" data-widget_type=\"text-editor.default\">\n\t\t\t\t<div class=\"elementor-widget-container\">\n\t\t\t\t\t\t\t\t\t<p>Aplic\u00e1vel se a pessoa que voc\u00ea indicar concluir um dos seguintes processos de visto conosco:<\/p><ul><li><span style=\"background-color: var( --e-global-color-e7ddfac );\">Visto de estudante (ingl\u00eas) a partir de 24 semanas<\/span><\/li><li>Accredited Employer Work Visa<\/li><li>Partnership work visa \/ Resident Visa<\/li><li>Resposta ao Pedido de Imigra\u00e7\u00e3o (Cartas PPI)<\/li><li>Green List Resident Visas Categories<\/li><li>Skilled Migrant Category Resident Visa<\/li><\/ul>\t\t\t\t\t\t\t\t<\/div>\n\t\t\t\t<\/div>\n\t\t\t\t<div class=\"elementor-element elementor-element-3fa0fec elementor-widget elementor-widget-heading\" data-id=\"3fa0fec\" data-element_type=\"widget\" data-widget_type=\"heading.default\">\n\t\t\t\t<div class=\"elementor-widget-container\">\n\t\t\t\t\t<h2 class=\"elementor-heading-title elementor-size-default\"><b>Voc\u00ea pode:<br><\/b><br>\n- Reivindicar seu b\u00f4nus em dinheiro<br>\n- Usar seu b\u00f4nus como cr\u00e9dito em seu pr\u00f3ximo processo de visto conosco<\/h2>\t\t\t\t<\/div>\n\t\t\t\t<\/div>\n\t\t\t\t<div class=\"elementor-element elementor-element-743275d elementor-widget elementor-widget-heading\" data-id=\"743275d\" data-element_type=\"widget\" data-widget_type=\"heading.default\">\n\t\t\t\t<div class=\"elementor-widget-container\">\n\t\t\t\t\t<h2 class=\"elementor-heading-title elementor-size-default\">Lembre-se que voc\u00ea n\u00e3o precisa ser cliente para participar! qualquer pessoa pode participar do nosso programa de indica\u00e7\u00e3o<\/h2>\t\t\t\t<\/div>\n\t\t\t\t<\/div>\n\t\t\t\t<div class=\"elementor-element elementor-element-543846f elementor-widget elementor-widget-text-editor\" data-id=\"543846f\" data-element_type=\"widget\" data-widget_type=\"text-editor.default\">\n\t\t\t\t<div class=\"elementor-widget-container\">\n\t\t\t\t\t\t\t\t\t<p style=\"font-weight: 400;\">*APLICAR T&C. PLANO DE REFER\u00caNCIA V\u00c1LIDO PARA NOVAS REFER\u00caNCIAS A PARTIR DE 18\/03\/21<\/p>\t\t\t\t\t\t\t\t<\/div>\n\t\t\t\t<\/div>\n\t\t\t\t\t<\/div>\n\t\t<\/div>\n\t\t\t\t<div class=\"elementor-column elementor-col-50 elementor-inner-column elementor-element elementor-element-b5b4225\" data-id=\"b5b4225\" data-element_type=\"column\" data-settings=\"{&quot;background_background&quot;:&quot;classic&quot;}\">\n\t\t\t<div class=\"elementor-widget-wrap elementor-element-populated\">\n\t\t\t\t\t\t<div class=\"elementor-element elementor-element-c3c3bb1 elementor-widget elementor-widget-html\" data-id=\"c3c3bb1\" data-element_type=\"widget\" data-widget_type=\"html.default\">\n\t\t\t\t<div class=\"elementor-widget-container\">\n\t\t\t\t\t<script charset=\"utf-8\" type=\"text\/javascript\" src=\"\/\/js.hsforms.net\/forms\/shell.js\"><\/script>\n<script>\n  hbspt.forms.create({\n\tregion: \"na1\",\n\tportalId: \"5537554\",\n\tformId: \"9d666d08-5b1f-4599-9970-916937f76bd4\"\n});\n<\/script>\t\t\t\t<\/div>\n\t\t\t\t<\/div>\n\t\t\t\t\t<\/div>\n\t\t<\/div>\n\t\t\t\t\t<\/div>\n\t\t<\/section>\n\t\t\t\t<div class=\"elementor-element elementor-element-e255c8b elementor-widget elementor-widget-toggle\" data-id=\"e255c8b\" data-element_type=\"widget\" data-widget_type=\"toggle.default\">\n\t\t\t\t<div class=\"elementor-widget-container\">\n\t\t\t\t\t\t\t<div class=\"elementor-toggle\">\n\t\t\t\t\t\t\t<div class=\"elementor-toggle-item\">\n\t\t\t\t\t<div id=\"elementor-tab-title-2371\" class=\"elementor-tab-title\" data-tab=\"1\" role=\"button\" aria-controls=\"elementor-tab-content-2371\" aria-expanded=\"false\">\n\t\t\t\t\t\t\t\t\t\t\t\t<span class=\"elementor-toggle-icon elementor-toggle-icon-left\" aria-hidden=\"true\">\n\t\t\t\t\t\t\t\t\t\t\t\t\t\t\t<span class=\"elementor-toggle-icon-closed\"><i class=\"fas fa-caret-right\"><\/i><\/span>\n\t\t\t\t\t\t\t\t<span class=\"elementor-toggle-icon-opened\"><i class=\"elementor-toggle-icon-opened fas fa-caret-up\"><\/i><\/span>\n\t\t\t\t\t\t\t\t\t\t\t\t\t<\/span>\n\t\t\t\t\t\t\t\t\t\t\t\t<a class=\"elementor-toggle-title\" tabindex=\"0\">Termos e Condi\u00e7\u00f5es<\/a>\n\t\t\t\t\t<\/div>\n\n\t\t\t\t\t<div id=\"elementor-tab-content-2371\" class=\"elementor-tab-content elementor-clearfix\" data-tab=\"1\" role=\"region\" aria-labelledby=\"elementor-tab-title-2371\"><p><strong>TERMOS E CONDI\u00c7\u00d5ES DA CAMPANHA DE INDICA\u00c7\u00c3O<\/strong><\/p><p>\u2022<strong> Dura\u00e7\u00e3o<\/strong>: A data de in\u00edcio \u00e9 18 de mar\u00e7o de 2021, e terminar\u00e1 quando determinado pela Organizadora, que informar\u00e1 atrav\u00e9s de seus diferentes canais de comunica\u00e7\u00e3o.<br \/><strong>\u2022 Indicado:<\/strong> refere-se a uma pessoa que n\u00e3o teve contato conosco anteriormente e n\u00e3o est\u00e1 em nosso sistema de CRM. Deve ser inclu\u00eddo no formul\u00e1rio de encaminhamento do candidato.<br \/><strong>\u2022 Indicado efetivo:<\/strong> refere-se \u00e0 pessoa que realiza e conclui um processo de visto com a SEA INTERNATIONAL e o visto \u00e9 aprovado.<br \/>\u2022 <strong>Status do indicado:<\/strong> Deve ficar claro que o cliente foi encaminhado por algu\u00e9m antes de pagar\/assinar o contrato.<br \/>\u2022 Voc\u00ea n\u00e3o precisa ser um cliente ativo da SEA INTERNATIONAL para participar do programa de indica\u00e7\u00e3o. Qualquer pessoa pode participar.<br \/>\u2022<strong> Processos de visto exclu\u00eddos deste programa:<\/strong> Avalia\u00e7\u00e3o de Imigra\u00e7\u00e3o (Assessment), Variation of conditions, Post-Study work visa, Seasonal visa, ou qualquer outro processo n\u00e3o mencionado acima.<\/p><p><strong>PEDIDO DE B\u00d4NUS OU CR\u00c9DITO:<\/strong><br \/>\u2022 O b\u00f4nus pode ser reclamado nos 2 meses seguintes \u00e0 aprova\u00e7\u00e3o do visto do referido.<br \/>\u2022 No caso de encaminhamento de visto de estudante, \u00e9 necess\u00e1rio aguardar at\u00e9 que o visto de estudante seja aprovado e a pessoa inicie com sucesso seu curso por pelo menos 3 semanas. Depois disso, voc\u00ea tem 2 meses para reivindicar seu b\u00f4nus.<br \/>\u2022 Voc\u00ea pode resgatar seu b\u00f4nus em NZD ou em sua moeda local. Para pagamentos em moeda local, ser\u00e3o aplicadas taxas de transfer\u00eancia banc\u00e1ria internacional.<br \/>\u2022 Se voc\u00ea decidir usar o b\u00f4nus como cr\u00e9dito no seu processo de visto, dever\u00e1 faz\u00ea-lo nos pr\u00f3ximos 12 meses a partir do momento em que resgatar o b\u00f4nus.<br \/>\u2022 O b\u00f4nus de refer\u00eancia n\u00e3o pode ser resgatado no processo de Avalia\u00e7\u00e3o de Imigra\u00e7\u00e3o (Assessment).<br \/>\u2022 O b\u00f4nus n\u00e3o \u00e9 transfer\u00edvel.<br \/>\u2022 Para reivindicar seu b\u00f4nus, suas informa\u00e7\u00f5es devem estar presentes no Contrato de Servi\u00e7o.<br \/>\u2022 Observe que apenas uma indica\u00e7\u00e3o pode ser reivindicada por vez. Por exemplo, se o cadastro for feito em casal, n\u00e3o \u00e9 poss\u00edvel que eles usem um ao outro como refer\u00eancia.<br \/>\u2022 Todas as refer\u00eancias est\u00e3o sujeitas a verifica\u00e7\u00e3o.<br \/>\u2022 B\u00f4nus e promo\u00e7\u00f5es n\u00e3o podem ser usados \u200b\u200bjuntos.<\/p><p><strong>POL\u00cdTICAS DE PRIVACIDADE<\/strong><\/p><p>Ao participar desta campanha, os Participantes aceitam as Pol\u00edticas de Privacidade do Organizador e est\u00e3o cientes de que o Organizador e as ag\u00eancias ou pessoas autorizadas a faz\u00ea-lo s\u00e3o respons\u00e1veis \u200b\u200bpelo tratamento das informa\u00e7\u00f5es pessoais do Participante.<\/p><\/div>\n\t\t\t\t<\/div>\n\t\t\t\t\t\t\t\t<\/div>\n\t\t\t\t\t\t<\/div>\n\t\t\t\t<\/div>\n\t\t\t\t<div class=\"elementor-element elementor-element-93344af elementor-widget elementor-widget-spacer\" data-id=\"93344af\" data-element_type=\"widget\" data-widget_type=\"spacer.default\">\n\t\t\t\t<div class=\"elementor-widget-container\">\n\t\t\t\t\t\t\t<div class=\"elementor-spacer\">\n\t\t\t<div class=\"elementor-spacer-inner\"><\/div>\n\t\t<\/div>\n\t\t\t\t\t\t<\/div>\n\t\t\t\t<\/div>\n\t\t\t\t\t<\/div>\n\t\t<\/div>\n\t\t\t\t\t<\/div>\n\t\t<\/section>\n\t\t\t\t<\/div>\n\t\t","protected":false},"excerpt":{"rendered":"<p>PROGRAMA DE BENEF\u00cdCIOS SEAmigos Indique seus amigos e ganhe! $50 NZD Aplic\u00e1vel se a pessoa que voc\u00ea indicar concluir um dos seguintes processos de visto conosco: Visto de estudante (ingl\u00eas) a partir de 24 semanas Accredited Employer Work Visa Partnership work visa \/ Resident Visa Resposta ao Pedido de Imigra\u00e7\u00e3o (Cartas PPI) Green List Resident [&hellip;]<\/p>\n","protected":false},"author":3,"featured_media":0,"parent":0,"menu_order":0,"comment_status":"closed","ping_status":"closed","template":"elementor_header_footer","meta":{"_acf_changed":false,"footnotes":""},"class_list":["post-632","page","type-page","status-publish","hentry"],"acf":[],"yoast_head":"<!-- This site is optimized with the Yoast SEO Premium plugin v20.5 (Yoast SEO v26.4) - https:\/\/yoast.com\/wordpress\/plugins\/seo\/ -->\n<title>Benef\u00edcios - SEA INTERNATIONAL<\/title>\n<meta name=\"robots\" content=\"index, follow, max-snippet:-1, max-image-preview:large, max-video-preview:-1\" \/>\n<link rel=\"canonical\" href=\"https:\/\/www.sea-international.com\/pt\/beneficios\/\" \/>\n<meta property=\"og:locale\" content=\"pt_BR\" \/>\n<meta property=\"og:type\" content=\"article\" \/>\n<meta property=\"og:title\" content=\"Benef\u00edcios\" \/>\n<meta property=\"og:description\" content=\"PROGRAMA DE BENEF\u00cdCIOS SEAmigos Indique seus amigos e ganhe! $50 NZD Aplic\u00e1vel se a pessoa que voc\u00ea indicar concluir um dos seguintes processos de visto conosco: Visto de estudante (ingl\u00eas) a partir de 24 semanas Accredited Employer Work Visa Partnership work visa \/ Resident Visa Resposta ao Pedido de Imigra\u00e7\u00e3o (Cartas PPI) Green List Resident [&hellip;]\" \/>\n<meta property=\"og:url\" content=\"https:\/\/www.sea-international.com\/pt\/beneficios\/\" \/>\n<meta property=\"og:site_name\" content=\"SEA INTERNATIONAL\" \/>\n<meta property=\"article:publisher\" content=\"https:\/\/www.facebook.com\/seainternational\/\" \/>\n<meta property=\"article:modified_time\" content=\"2023-02-26T20:03:55+00:00\" \/>\n<meta property=\"og:image\" content=\"https:\/\/www.sea-international.com\/pt\/wp-content\/uploads\/sites\/7\/2020\/10\/SEO_SEA-05.jpg\" \/>\n\t<meta property=\"og:image:width\" content=\"800\" \/>\n\t<meta property=\"og:image:height\" content=\"600\" \/>\n\t<meta property=\"og:image:type\" content=\"image\/jpeg\" \/>\n<meta name=\"twitter:card\" content=\"summary_large_image\" \/>\n<meta name=\"twitter:site\" content=\"@SEAINTLATAM\" \/>\n<meta name=\"twitter:label1\" content=\"Est. tempo de leitura\" \/>\n\t<meta name=\"twitter:data1\" content=\"3 minutos\" \/>\n<script type=\"application\/ld+json\" class=\"yoast-schema-graph\">{\"@context\":\"https:\/\/schema.org\",\"@graph\":[{\"@type\":\"WebPage\",\"@id\":\"https:\/\/www.sea-international.com\/pt\/beneficios\/\",\"url\":\"https:\/\/www.sea-international.com\/pt\/beneficios\/\",\"name\":\"Benef\u00edcios - SEA INTERNATIONAL\",\"isPartOf\":{\"@id\":\"https:\/\/www.sea-international.com\/pt\/#website\"},\"datePublished\":\"2020-05-05T22:56:54+00:00\",\"dateModified\":\"2023-02-26T20:03:55+00:00\",\"breadcrumb\":{\"@id\":\"https:\/\/www.sea-international.com\/pt\/beneficios\/#breadcrumb\"},\"inLanguage\":\"pt-BR\",\"potentialAction\":[{\"@type\":\"ReadAction\",\"target\":[\"https:\/\/www.sea-international.com\/pt\/beneficios\/\"]}]},{\"@type\":\"BreadcrumbList\",\"@id\":\"https:\/\/www.sea-international.com\/pt\/beneficios\/#breadcrumb\",\"itemListElement\":[{\"@type\":\"ListItem\",\"position\":1,\"name\":\"Portada\",\"item\":\"https:\/\/www.sea-international.com\/pt\/\"},{\"@type\":\"ListItem\",\"position\":2,\"name\":\"Benef\u00edcios\"}]},{\"@type\":\"WebSite\",\"@id\":\"https:\/\/www.sea-international.com\/pt\/#website\",\"url\":\"https:\/\/www.sea-international.com\/pt\/\",\"name\":\"SEA INTERNATIONAL\",\"description\":\"Immigration and education services\",\"publisher\":{\"@id\":\"https:\/\/www.sea-international.com\/pt\/#organization\"},\"potentialAction\":[{\"@type\":\"SearchAction\",\"target\":{\"@type\":\"EntryPoint\",\"urlTemplate\":\"https:\/\/www.sea-international.com\/pt\/?s={search_term_string}\"},\"query-input\":{\"@type\":\"PropertyValueSpecification\",\"valueRequired\":true,\"valueName\":\"search_term_string\"}}],\"inLanguage\":\"pt-BR\"},{\"@type\":\"Organization\",\"@id\":\"https:\/\/www.sea-international.com\/pt\/#organization\",\"name\":\"Sea International\",\"url\":\"https:\/\/www.sea-international.com\/pt\/\",\"logo\":{\"@type\":\"ImageObject\",\"inLanguage\":\"pt-BR\",\"@id\":\"https:\/\/www.sea-international.com\/pt\/#\/schema\/logo\/image\/\",\"url\":\"https:\/\/www.sea-international.com\/pt\/wp-content\/uploads\/sites\/7\/2020\/04\/logo-sea-international-04.png\",\"contentUrl\":\"https:\/\/www.sea-international.com\/pt\/wp-content\/uploads\/sites\/7\/2020\/04\/logo-sea-international-04.png\",\"width\":298,\"height\":58,\"caption\":\"Sea International\"},\"image\":{\"@id\":\"https:\/\/www.sea-international.com\/pt\/#\/schema\/logo\/image\/\"},\"sameAs\":[\"https:\/\/www.facebook.com\/seainternational\/\",\"https:\/\/x.com\/SEAINTLATAM\",\"https:\/\/twitter.com\/SEAINTLATAM\",\"https:\/\/www.linkedin.com\/company\/seainternational\/\",\"https:\/\/www.youtube.com\/user\/seaconz\"]}]}<\/script>\n<!-- \/ Yoast SEO Premium plugin. -->","yoast_head_json":{"title":"Benef\u00edcios - SEA INTERNATIONAL","robots":{"index":"index","follow":"follow","max-snippet":"max-snippet:-1","max-image-preview":"max-image-preview:large","max-video-preview":"max-video-preview:-1"},"canonical":"https:\/\/www.sea-international.com\/pt\/beneficios\/","og_locale":"pt_BR","og_type":"article","og_title":"Benef\u00edcios","og_description":"PROGRAMA DE BENEF\u00cdCIOS SEAmigos Indique seus amigos e ganhe! $50 NZD Aplic\u00e1vel se a pessoa que voc\u00ea indicar concluir um dos seguintes processos de visto conosco: Visto de estudante (ingl\u00eas) a partir de 24 semanas Accredited Employer Work Visa Partnership work visa \/ Resident Visa Resposta ao Pedido de Imigra\u00e7\u00e3o (Cartas PPI) Green List Resident [&hellip;]","og_url":"https:\/\/www.sea-international.com\/pt\/beneficios\/","og_site_name":"SEA INTERNATIONAL","article_publisher":"https:\/\/www.facebook.com\/seainternational\/","article_modified_time":"2023-02-26T20:03:55+00:00","og_image":[{"width":800,"height":600,"url":"https:\/\/www.sea-international.com\/pt\/wp-content\/uploads\/sites\/7\/2020\/10\/SEO_SEA-05.jpg","type":"image\/jpeg"}],"twitter_card":"summary_large_image","twitter_site":"@SEAINTLATAM","twitter_misc":{"Est. tempo de leitura":"3 minutos"},"schema":{"@context":"https:\/\/schema.org","@graph":[{"@type":"WebPage","@id":"https:\/\/www.sea-international.com\/pt\/beneficios\/","url":"https:\/\/www.sea-international.com\/pt\/beneficios\/","name":"Benef\u00edcios - SEA INTERNATIONAL","isPartOf":{"@id":"https:\/\/www.sea-international.com\/pt\/#website"},"datePublished":"2020-05-05T22:56:54+00:00","dateModified":"2023-02-26T20:03:55+00:00","breadcrumb":{"@id":"https:\/\/www.sea-international.com\/pt\/beneficios\/#breadcrumb"},"inLanguage":"pt-BR","potentialAction":[{"@type":"ReadAction","target":["https:\/\/www.sea-international.com\/pt\/beneficios\/"]}]},{"@type":"BreadcrumbList","@id":"https:\/\/www.sea-international.com\/pt\/beneficios\/#breadcrumb","itemListElement":[{"@type":"ListItem","position":1,"name":"Portada","item":"https:\/\/www.sea-international.com\/pt\/"},{"@type":"ListItem","position":2,"name":"Benef\u00edcios"}]},{"@type":"WebSite","@id":"https:\/\/www.sea-international.com\/pt\/#website","url":"https:\/\/www.sea-international.com\/pt\/","name":"SEA INTERNATIONAL","description":"Immigration and education services","publisher":{"@id":"https:\/\/www.sea-international.com\/pt\/#organization"},"potentialAction":[{"@type":"SearchAction","target":{"@type":"EntryPoint","urlTemplate":"https:\/\/www.sea-international.com\/pt\/?s={search_term_string}"},"query-input":{"@type":"PropertyValueSpecification","valueRequired":true,"valueName":"search_term_string"}}],"inLanguage":"pt-BR"},{"@type":"Organization","@id":"https:\/\/www.sea-international.com\/pt\/#organization","name":"Sea International","url":"https:\/\/www.sea-international.com\/pt\/","logo":{"@type":"ImageObject","inLanguage":"pt-BR","@id":"https:\/\/www.sea-international.com\/pt\/#\/schema\/logo\/image\/","url":"https:\/\/www.sea-international.com\/pt\/wp-content\/uploads\/sites\/7\/2020\/04\/logo-sea-international-04.png","contentUrl":"https:\/\/www.sea-international.com\/pt\/wp-content\/uploads\/sites\/7\/2020\/04\/logo-sea-international-04.png","width":298,"height":58,"caption":"Sea International"},"image":{"@id":"https:\/\/www.sea-international.com\/pt\/#\/schema\/logo\/image\/"},"sameAs":["https:\/\/www.facebook.com\/seainternational\/","https:\/\/x.com\/SEAINTLATAM","https:\/\/twitter.com\/SEAINTLATAM","https:\/\/www.linkedin.com\/company\/seainternational\/","https:\/\/www.youtube.com\/user\/seaconz"]}]}},"_links":{"self":[{"href":"https:\/\/www.sea-international.com\/pt\/wp-json\/wp\/v2\/pages\/632","targetHints":{"allow":["GET"]}}],"collection":[{"href":"https:\/\/www.sea-international.com\/pt\/wp-json\/wp\/v2\/pages"}],"about":[{"href":"https:\/\/www.sea-international.com\/pt\/wp-json\/wp\/v2\/types\/page"}],"author":[{"embeddable":true,"href":"https:\/\/www.sea-international.com\/pt\/wp-json\/wp\/v2\/users\/3"}],"replies":[{"embeddable":true,"href":"https:\/\/www.sea-international.com\/pt\/wp-json\/wp\/v2\/comments?post=632"}],"version-history":[{"count":5,"href":"https:\/\/www.sea-international.com\/pt\/wp-json\/wp\/v2\/pages\/632\/revisions"}],"predecessor-version":[{"id":4712,"href":"https:\/\/www.sea-international.com\/pt\/wp-json\/wp\/v2\/pages\/632\/revisions\/4712"}],"wp:attachment":[{"href":"https:\/\/www.sea-international.com\/pt\/wp-json\/wp\/v2\/media?parent=632"}],"curies":[{"name":"wp","href":"https:\/\/api.w.org\/{rel}","templated":true}]}}