{"id":912,"date":"2020-05-12T02:19:43","date_gmt":"2020-05-11T14:19:43","guid":{"rendered":"https:\/\/ibd.lau.mybluehost.me\/?page_id=912"},"modified":"2024-05-16T16:37:59","modified_gmt":"2024-05-16T04:37:59","slug":"copyright","status":"publish","type":"page","link":"https:\/\/www.sea-international.com\/pt\/copyright\/","title":{"rendered":"Copyright"},"content":{"rendered":"\t\t<div data-elementor-type=\"wp-page\" data-elementor-id=\"912\" class=\"elementor elementor-912\" data-elementor-settings=\"{&quot;ha_cmc_init_switcher&quot;:&quot;no&quot;}\" data-elementor-post-type=\"page\">\n\t\t\t\t\t\t<section class=\"elementor-section elementor-top-section elementor-element elementor-element-6a489961 elementor-section-boxed elementor-section-height-default elementor-section-height-default\" data-id=\"6a489961\" data-element_type=\"section\" data-settings=\"{&quot;_ha_eqh_enable&quot;:false}\">\n\t\t\t\t\t\t<div class=\"elementor-container elementor-column-gap-default\">\n\t\t\t\t\t<div class=\"elementor-column elementor-col-100 elementor-top-column elementor-element elementor-element-4af7af66\" data-id=\"4af7af66\" data-element_type=\"column\">\n\t\t\t<div class=\"elementor-widget-wrap elementor-element-populated\">\n\t\t\t\t\t\t<div class=\"elementor-element elementor-element-1738c0f0 elementor-widget elementor-widget-text-editor\" data-id=\"1738c0f0\" data-element_type=\"widget\" data-widget_type=\"text-editor.default\">\n\t\t\t\t<div class=\"elementor-widget-container\">\n\t\t\t\t\t\t\t\t\t<p><\/p>\n<h2 class=\"wp-block-heading\"><span style=\"color: #151414; font-family: Open Sans, sans-serif;\"><span style=\"font-size: 20px; font-weight: 500;\">Voc\u00ea concorda em n\u00e3o copiar, reproduzir, republicar, fazer upload, postar, transmitir, distribuir, armazenar ou modificar o material do site, no todo ou em parte, sem o consentimento pr\u00e9vio por escrito da SEA INTERNATIONAL Limited. Todos os contribuintes dispensam, renunciam e liberam a SEA INTERNATIONAL Limited, seus funcion\u00e1rios, contratados e licenciados de quaisquer reclama\u00e7\u00f5es, demandas ou responsabilidades de qualquer tipo, incluindo, sem limita\u00e7\u00e3o, como qualquer acidente, doen\u00e7a ou les\u00e3o, ou em rela\u00e7\u00e3o a qualquer filmagem \/ grava\u00e7\u00e3o feita com qualquer participante ou entrevistado ou contribuidor, ou decorrente da participa\u00e7\u00e3o do entrevistado ou contribuidor na produ\u00e7\u00e3o de m\u00eddia de v\u00eddeo.<\/span><\/span><\/h2>\n<p><\/p>\t\t\t\t\t\t\t\t<\/div>\n\t\t\t\t<\/div>\n\t\t\t\t\t<\/div>\n\t\t<\/div>\n\t\t\t\t\t<\/div>\n\t\t<\/section>\n\t\t\t\t<\/div>\n\t\t","protected":false},"excerpt":{"rendered":"<p>Voc\u00ea concorda em n\u00e3o copiar, reproduzir, republicar, fazer upload, postar, transmitir, distribuir, armazenar ou modificar o material do site, no todo ou em parte, sem o consentimento pr\u00e9vio por escrito da SEA INTERNATIONAL Limited. Todos os contribuintes dispensam, renunciam e liberam a SEA INTERNATIONAL Limited, seus funcion\u00e1rios, contratados e licenciados de quaisquer reclama\u00e7\u00f5es, demandas ou [&hellip;]<\/p>\n","protected":false},"author":3,"featured_media":0,"parent":0,"menu_order":0,"comment_status":"closed","ping_status":"closed","template":"","meta":{"_acf_changed":false,"footnotes":""},"class_list":["post-912","page","type-page","status-publish","hentry"],"acf":[],"yoast_head":"<!-- This site is optimized with the Yoast SEO Premium plugin v20.5 (Yoast SEO v26.4) - https:\/\/yoast.com\/wordpress\/plugins\/seo\/ -->\n<title>Copyright - SEA INTERNATIONAL<\/title>\n<meta name=\"robots\" content=\"index, follow, max-snippet:-1, max-image-preview:large, max-video-preview:-1\" \/>\n<link rel=\"canonical\" href=\"https:\/\/www.sea-international.com\/pt\/copyright\/\" \/>\n<meta property=\"og:locale\" content=\"pt_BR\" \/>\n<meta property=\"og:type\" content=\"article\" \/>\n<meta property=\"og:title\" content=\"Copyright\" \/>\n<meta property=\"og:description\" content=\"Voc\u00ea concorda em n\u00e3o copiar, reproduzir, republicar, fazer upload, postar, transmitir, distribuir, armazenar ou modificar o material do site, no todo ou em parte, sem o consentimento pr\u00e9vio por escrito da SEA INTERNATIONAL Limited. Todos os contribuintes dispensam, renunciam e liberam a SEA INTERNATIONAL Limited, seus funcion\u00e1rios, contratados e licenciados de quaisquer reclama\u00e7\u00f5es, demandas ou [&hellip;]\" \/>\n<meta property=\"og:url\" content=\"https:\/\/www.sea-international.com\/pt\/copyright\/\" \/>\n<meta property=\"og:site_name\" content=\"SEA INTERNATIONAL\" \/>\n<meta property=\"article:publisher\" content=\"https:\/\/www.facebook.com\/seainternational\/\" \/>\n<meta property=\"article:modified_time\" content=\"2024-05-16T04:37:59+00:00\" \/>\n<meta property=\"og:image\" content=\"https:\/\/www.sea-international.com\/pt\/wp-content\/uploads\/sites\/7\/2020\/10\/SEO_SEA-05.jpg\" \/>\n\t<meta property=\"og:image:width\" content=\"800\" \/>\n\t<meta property=\"og:image:height\" content=\"600\" \/>\n\t<meta property=\"og:image:type\" content=\"image\/jpeg\" \/>\n<meta name=\"twitter:card\" content=\"summary_large_image\" \/>\n<meta name=\"twitter:site\" content=\"@SEAINTLATAM\" \/>\n<meta name=\"twitter:label1\" content=\"Est. tempo de leitura\" \/>\n\t<meta name=\"twitter:data1\" content=\"1 minuto\" \/>\n<script type=\"application\/ld+json\" class=\"yoast-schema-graph\">{\"@context\":\"https:\/\/schema.org\",\"@graph\":[{\"@type\":\"WebPage\",\"@id\":\"https:\/\/www.sea-international.com\/pt\/copyright\/\",\"url\":\"https:\/\/www.sea-international.com\/pt\/copyright\/\",\"name\":\"Copyright - SEA INTERNATIONAL\",\"isPartOf\":{\"@id\":\"https:\/\/www.sea-international.com\/pt\/#website\"},\"datePublished\":\"2020-05-11T14:19:43+00:00\",\"dateModified\":\"2024-05-16T04:37:59+00:00\",\"breadcrumb\":{\"@id\":\"https:\/\/www.sea-international.com\/pt\/copyright\/#breadcrumb\"},\"inLanguage\":\"pt-BR\",\"potentialAction\":[{\"@type\":\"ReadAction\",\"target\":[\"https:\/\/www.sea-international.com\/pt\/copyright\/\"]}]},{\"@type\":\"BreadcrumbList\",\"@id\":\"https:\/\/www.sea-international.com\/pt\/copyright\/#breadcrumb\",\"itemListElement\":[{\"@type\":\"ListItem\",\"position\":1,\"name\":\"Portada\",\"item\":\"https:\/\/www.sea-international.com\/pt\/\"},{\"@type\":\"ListItem\",\"position\":2,\"name\":\"Copyright\"}]},{\"@type\":\"WebSite\",\"@id\":\"https:\/\/www.sea-international.com\/pt\/#website\",\"url\":\"https:\/\/www.sea-international.com\/pt\/\",\"name\":\"SEA INTERNATIONAL\",\"description\":\"Immigration and education services\",\"publisher\":{\"@id\":\"https:\/\/www.sea-international.com\/pt\/#organization\"},\"potentialAction\":[{\"@type\":\"SearchAction\",\"target\":{\"@type\":\"EntryPoint\",\"urlTemplate\":\"https:\/\/www.sea-international.com\/pt\/?s={search_term_string}\"},\"query-input\":{\"@type\":\"PropertyValueSpecification\",\"valueRequired\":true,\"valueName\":\"search_term_string\"}}],\"inLanguage\":\"pt-BR\"},{\"@type\":\"Organization\",\"@id\":\"https:\/\/www.sea-international.com\/pt\/#organization\",\"name\":\"Sea International\",\"url\":\"https:\/\/www.sea-international.com\/pt\/\",\"logo\":{\"@type\":\"ImageObject\",\"inLanguage\":\"pt-BR\",\"@id\":\"https:\/\/www.sea-international.com\/pt\/#\/schema\/logo\/image\/\",\"url\":\"https:\/\/www.sea-international.com\/pt\/wp-content\/uploads\/sites\/7\/2020\/04\/logo-sea-international-04.png\",\"contentUrl\":\"https:\/\/www.sea-international.com\/pt\/wp-content\/uploads\/sites\/7\/2020\/04\/logo-sea-international-04.png\",\"width\":298,\"height\":58,\"caption\":\"Sea International\"},\"image\":{\"@id\":\"https:\/\/www.sea-international.com\/pt\/#\/schema\/logo\/image\/\"},\"sameAs\":[\"https:\/\/www.facebook.com\/seainternational\/\",\"https:\/\/x.com\/SEAINTLATAM\",\"https:\/\/twitter.com\/SEAINTLATAM\",\"https:\/\/www.linkedin.com\/company\/seainternational\/\",\"https:\/\/www.youtube.com\/user\/seaconz\"]}]}<\/script>\n<!-- \/ Yoast SEO Premium plugin. -->","yoast_head_json":{"title":"Copyright - SEA INTERNATIONAL","robots":{"index":"index","follow":"follow","max-snippet":"max-snippet:-1","max-image-preview":"max-image-preview:large","max-video-preview":"max-video-preview:-1"},"canonical":"https:\/\/www.sea-international.com\/pt\/copyright\/","og_locale":"pt_BR","og_type":"article","og_title":"Copyright","og_description":"Voc\u00ea concorda em n\u00e3o copiar, reproduzir, republicar, fazer upload, postar, transmitir, distribuir, armazenar ou modificar o material do site, no todo ou em parte, sem o consentimento pr\u00e9vio por escrito da SEA INTERNATIONAL Limited. Todos os contribuintes dispensam, renunciam e liberam a SEA INTERNATIONAL Limited, seus funcion\u00e1rios, contratados e licenciados de quaisquer reclama\u00e7\u00f5es, demandas ou [&hellip;]","og_url":"https:\/\/www.sea-international.com\/pt\/copyright\/","og_site_name":"SEA INTERNATIONAL","article_publisher":"https:\/\/www.facebook.com\/seainternational\/","article_modified_time":"2024-05-16T04:37:59+00:00","og_image":[{"width":800,"height":600,"url":"https:\/\/www.sea-international.com\/pt\/wp-content\/uploads\/sites\/7\/2020\/10\/SEO_SEA-05.jpg","type":"image\/jpeg"}],"twitter_card":"summary_large_image","twitter_site":"@SEAINTLATAM","twitter_misc":{"Est. tempo de leitura":"1 minuto"},"schema":{"@context":"https:\/\/schema.org","@graph":[{"@type":"WebPage","@id":"https:\/\/www.sea-international.com\/pt\/copyright\/","url":"https:\/\/www.sea-international.com\/pt\/copyright\/","name":"Copyright - SEA INTERNATIONAL","isPartOf":{"@id":"https:\/\/www.sea-international.com\/pt\/#website"},"datePublished":"2020-05-11T14:19:43+00:00","dateModified":"2024-05-16T04:37:59+00:00","breadcrumb":{"@id":"https:\/\/www.sea-international.com\/pt\/copyright\/#breadcrumb"},"inLanguage":"pt-BR","potentialAction":[{"@type":"ReadAction","target":["https:\/\/www.sea-international.com\/pt\/copyright\/"]}]},{"@type":"BreadcrumbList","@id":"https:\/\/www.sea-international.com\/pt\/copyright\/#breadcrumb","itemListElement":[{"@type":"ListItem","position":1,"name":"Portada","item":"https:\/\/www.sea-international.com\/pt\/"},{"@type":"ListItem","position":2,"name":"Copyright"}]},{"@type":"WebSite","@id":"https:\/\/www.sea-international.com\/pt\/#website","url":"https:\/\/www.sea-international.com\/pt\/","name":"SEA INTERNATIONAL","description":"Immigration and education services","publisher":{"@id":"https:\/\/www.sea-international.com\/pt\/#organization"},"potentialAction":[{"@type":"SearchAction","target":{"@type":"EntryPoint","urlTemplate":"https:\/\/www.sea-international.com\/pt\/?s={search_term_string}"},"query-input":{"@type":"PropertyValueSpecification","valueRequired":true,"valueName":"search_term_string"}}],"inLanguage":"pt-BR"},{"@type":"Organization","@id":"https:\/\/www.sea-international.com\/pt\/#organization","name":"Sea International","url":"https:\/\/www.sea-international.com\/pt\/","logo":{"@type":"ImageObject","inLanguage":"pt-BR","@id":"https:\/\/www.sea-international.com\/pt\/#\/schema\/logo\/image\/","url":"https:\/\/www.sea-international.com\/pt\/wp-content\/uploads\/sites\/7\/2020\/04\/logo-sea-international-04.png","contentUrl":"https:\/\/www.sea-international.com\/pt\/wp-content\/uploads\/sites\/7\/2020\/04\/logo-sea-international-04.png","width":298,"height":58,"caption":"Sea International"},"image":{"@id":"https:\/\/www.sea-international.com\/pt\/#\/schema\/logo\/image\/"},"sameAs":["https:\/\/www.facebook.com\/seainternational\/","https:\/\/x.com\/SEAINTLATAM","https:\/\/twitter.com\/SEAINTLATAM","https:\/\/www.linkedin.com\/company\/seainternational\/","https:\/\/www.youtube.com\/user\/seaconz"]}]}},"_links":{"self":[{"href":"https:\/\/www.sea-international.com\/pt\/wp-json\/wp\/v2\/pages\/912","targetHints":{"allow":["GET"]}}],"collection":[{"href":"https:\/\/www.sea-international.com\/pt\/wp-json\/wp\/v2\/pages"}],"about":[{"href":"https:\/\/www.sea-international.com\/pt\/wp-json\/wp\/v2\/types\/page"}],"author":[{"embeddable":true,"href":"https:\/\/www.sea-international.com\/pt\/wp-json\/wp\/v2\/users\/3"}],"replies":[{"embeddable":true,"href":"https:\/\/www.sea-international.com\/pt\/wp-json\/wp\/v2\/comments?post=912"}],"version-history":[{"count":5,"href":"https:\/\/www.sea-international.com\/pt\/wp-json\/wp\/v2\/pages\/912\/revisions"}],"predecessor-version":[{"id":4846,"href":"https:\/\/www.sea-international.com\/pt\/wp-json\/wp\/v2\/pages\/912\/revisions\/4846"}],"wp:attachment":[{"href":"https:\/\/www.sea-international.com\/pt\/wp-json\/wp\/v2\/media?parent=912"}],"curies":[{"name":"wp","href":"https:\/\/api.w.org\/{rel}","templated":true}]}}